{"id":2587,"date":"2017-10-10T22:01:16","date_gmt":"2017-10-10T20:01:16","guid":{"rendered":"https:\/\/www.anskar.de\/marburg\/?page_id=2587"},"modified":"2024-04-23T22:55:07","modified_gmt":"2024-04-23T20:55:07","slug":"spenden","status":"publish","type":"page","link":"https:\/\/www.anskar.de\/marburg\/spenden\/","title":{"rendered":"Spenden"},"content":{"rendered":"<p>[et_pb_section fb_built=&#8220;1&#8243; fullwidth=&#8220;on&#8220; _builder_version=&#8220;4.16&#8243; global_colors_info=&#8220;{}&#8220;][et_pb_fullwidth_slider _builder_version=&#8220;4.16&#8243; custom_padding=&#8220;150px||150px|&#8220; custom_padding_tablet=&#8220;|||&#8220; custom_padding_phone=&#8220;|||&#8220; box_shadow_style=&#8220;preset6&#8243; box_shadow_blur=&#8220;10px&#8220; box_shadow_color=&#8220;rgba(0,0,0,0.1)&#8220; top_padding=&#8220;150px&#8220; bottom_padding=&#8220;150px&#8220; show_inner_shadow=&#8220;on&#8220; global_colors_info=&#8220;{}&#8220; button_text_size__hover_enabled=&#8220;off&#8220; button_one_text_size__hover_enabled=&#8220;off&#8220; button_two_text_size__hover_enabled=&#8220;off&#8220; button_text_color__hover_enabled=&#8220;off&#8220; button_one_text_color__hover_enabled=&#8220;off&#8220; button_two_text_color__hover_enabled=&#8220;off&#8220; button_border_width__hover_enabled=&#8220;off&#8220; button_one_border_width__hover_enabled=&#8220;off&#8220; button_two_border_width__hover_enabled=&#8220;off&#8220; button_border_color__hover_enabled=&#8220;off&#8220; button_one_border_color__hover_enabled=&#8220;off&#8220; button_two_border_color__hover_enabled=&#8220;off&#8220; button_border_radius__hover_enabled=&#8220;off&#8220; button_one_border_radius__hover_enabled=&#8220;off&#8220; button_two_border_radius__hover_enabled=&#8220;off&#8220; button_letter_spacing__hover_enabled=&#8220;off&#8220; button_one_letter_spacing__hover_enabled=&#8220;off&#8220; button_two_letter_spacing__hover_enabled=&#8220;off&#8220; button_bg_color__hover_enabled=&#8220;off&#8220; button_one_bg_color__hover_enabled=&#8220;off&#8220; button_two_bg_color__hover_enabled=&#8220;off&#8220;][et_pb_slide heading=&#8220;Spenden&#8220; _builder_version=&#8220;4.16&#8243; background_color=&#8220;#ffffff&#8220; background_image=&#8220;https:\/\/www.anskar.de\/marburg\/wp-content\/uploads\/sites\/4\/2017\/10\/basket-1195754_1280-2.jpg&#8220; parallax=&#8220;on&#8220; global_colors_info=&#8220;{}&#8220; button_text_size__hover_enabled=&#8220;off&#8220; button_one_text_size__hover_enabled=&#8220;off&#8220; button_two_text_size__hover_enabled=&#8220;off&#8220; button_text_color__hover_enabled=&#8220;off&#8220; button_one_text_color__hover_enabled=&#8220;off&#8220; button_two_text_color__hover_enabled=&#8220;off&#8220; button_border_width__hover_enabled=&#8220;off&#8220; button_one_border_width__hover_enabled=&#8220;off&#8220; button_two_border_width__hover_enabled=&#8220;off&#8220; button_border_color__hover_enabled=&#8220;off&#8220; button_one_border_color__hover_enabled=&#8220;off&#8220; button_two_border_color__hover_enabled=&#8220;off&#8220; button_border_radius__hover_enabled=&#8220;off&#8220; button_one_border_radius__hover_enabled=&#8220;off&#8220; button_two_border_radius__hover_enabled=&#8220;off&#8220; button_letter_spacing__hover_enabled=&#8220;off&#8220; button_one_letter_spacing__hover_enabled=&#8220;off&#8220; button_two_letter_spacing__hover_enabled=&#8220;off&#8220; button_bg_color__hover_enabled=&#8220;off&#8220; button_one_bg_color__hover_enabled=&#8220;off&#8220; button_two_bg_color__hover_enabled=&#8220;off&#8220; sticky_transition=&#8220;on&#8220;][\/et_pb_slide][\/et_pb_fullwidth_slider][\/et_pb_section][et_pb_section fb_built=&#8220;1&#8243; _builder_version=&#8220;4.16&#8243; custom_padding=&#8220;0px|0px|0px|0px&#8220; global_colors_info=&#8220;{}&#8220;][et_pb_row column_structure=&#8220;1_2,1_2&#8243; _builder_version=&#8220;4.16&#8243; global_colors_info=&#8220;{}&#8220;][et_pb_column type=&#8220;1_2&#8243; _builder_version=&#8220;4.16&#8243; custom_padding=&#8220;|||&#8220; global_colors_info=&#8220;{}&#8220; custom_padding__hover=&#8220;|||&#8220;][et_pb_text _builder_version=&#8220;4.16&#8243; global_colors_info=&#8220;{}&#8220;]<\/p>\n<h3>&bdquo;&hellip; und wie finanziert Ihr euch?&ldquo;<\/h3>\n<\/p>\n<p>Als Freikirche nehmen wir nicht am Kirchensteuereinzug teil und erhalten i.d.R. keine &ouml;ffentlichen Gelder. Unsere Dachorganisation, die <a href=\"https:\/\/www.anskar.de\">Anskar-Kirche Deutschland<\/a>, &uuml;bernimmt manche administrativen Aufgaben und Kosten f&uuml;r uns, daf&uuml;r zahlen wir eine regelm&auml;&szlig;ige Umlage.<\/p>\n<\/p>\n<p>Das hei&szlig;t: F&uuml;r unsere Gemeindearbeit vor Ort k&ouml;nnen wir nur Geld ausgeben (z.B. f&uuml;r Miete, Geh&auml;lter, Versicherungen, Material- und Reisekosten), das wir vor Ort als Spenden einnehmen.<\/p>\n<\/p>\n<p>Das geschieht im geringeren Ma&szlig; durch Gottesdienstkollekten und vor allem durch freiwillige Spenden unserer Mitglieder, G&auml;ste und Freunde nah und fern. Sie sind es, die diese Arbeit m&ouml;glich machen!<\/p>\n<p>[\/et_pb_text][\/et_pb_column][et_pb_column type=&#8220;1_2&#8243; _builder_version=&#8220;4.16&#8243; custom_padding=&#8220;|||&#8220; global_colors_info=&#8220;{}&#8220; custom_padding__hover=&#8220;|||&#8220;][et_pb_text _builder_version=&#8220;4.18.0&#8243; hover_enabled=&#8220;0&#8243; global_colors_info=&#8220;{}&#8220; sticky_enabled=&#8220;0&#8243;]<\/p>\n<p><strong>Wir freuen uns \u00fcber jeden neuen Unterst\u00fctzer<\/strong> \u2013 ob einmalig oder regelm\u00e4\u00dfig, ob als \u201eallgemeine Spende\u201c oder f\u00fcr einen spezifischen Zweck. Unsere Bankverbindungen:<\/p>\n<blockquote>\n<p>Hauptkonto: IBAN DE<strong>50<\/strong>\u00a05139 0000 0018 5383\u00a0<strong>00<\/strong><\/p>\n<p>Spendenkonto Matthias R\u00fcb: DE<strong>49<\/strong>\u00a05139 0000 0018 5383\u00a0<strong>18<\/strong><\/p>\n<p>Baukonto: DE<strong>55<\/strong>\u00a05139 0000 <strong>0118<\/strong> 5383\u00a0<strong>23<\/strong><\/p>\n<p>Royal Rangers: DE<strong>27<\/strong>\u00a05139 0000 0018 5383\u00a0<strong>26<\/strong><\/p>\n<\/blockquote>\n<p><strong>Kontoinhaber<\/strong>: Anskar-Kirche Marburg, Evangelische Freie Gemeinde e. V., Volksbank Mittelhessen, BIC: VBMHDE5F<\/p>\n<p>PayPal: <a href=\"https:\/\/www.paypal.com\/paypalme\/anskarmarburg\" target=\"_blank\" rel=\"noopener noreferrer\"><strong>PayPal.me\/AnskarMarburg<\/strong>\u00a0<\/a><\/p>\n<p>Bitte geben Sie bei einer \u00dcberweisung Ihre pers\u00f6nlichen Daten (Name, Stra\u00dfe, PLZ, Ort) an, damit wir Ihnen eine Spendenbescheinigung zukommen lassen k\u00f6nnen. Vielen Dank!<\/p>\n<p>[\/et_pb_text][\/et_pb_column][\/et_pb_row][et_pb_row _builder_version=&#8220;4.16&#8243; global_colors_info=&#8220;{}&#8220;][et_pb_column type=&#8220;4_4&#8243; _builder_version=&#8220;4.16&#8243; custom_padding=&#8220;|||&#8220; global_colors_info=&#8220;{}&#8220; custom_padding__hover=&#8220;|||&#8220;][et_pb_blurb title=&#8220;\u00dcbrigens:&#8220; use_icon=&#8220;on&#8220; font_icon=&#8220;&#xe0fb;||divi||400&#8243; icon_placement=&#8220;left&#8220; image_icon_width=&#8220;109px&#8220; _builder_version=&#8220;4.16&#8243; background_color=&#8220;#ffffff&#8220; use_background_color_gradient=&#8220;on&#8220; background_color_gradient_direction=&#8220;231deg&#8220; background_color_gradient_stops=&#8220;#2b87da 0%|#ffffff 0%&#8220; background_color_gradient_end=&#8220;#ffffff&#8220; background_color_gradient_end_position=&#8220;0%&#8220; icon_font_size=&#8220;109px&#8220; global_colors_info=&#8220;{}&#8220;]Auch als Gemeinde geben wir unseren \u201eZehnten\u201c: Von allen allgemeinen Spenden geben wir 10% weiter f\u00fcr Gemeindegr\u00fcndung in Deutschland\u00a0und in der\u00a0<a style=\"background-color: transparent;color: #007acc;text-decoration: none\" href=\"http:\/\/frontiers.de\/\" target=\"_blank\" rel=\"noopener noreferrer\">muslimischen Welt<\/a> und f\u00fcr <a href=\"http:\/\/www.wycliff.de\" target=\"_blank\" rel=\"noopener noreferrer\">Bibel\u00fcbersetzung.<\/a>[\/et_pb_blurb][\/et_pb_column][\/et_pb_row][\/et_pb_section]<\/p>\n","protected":false},"excerpt":{"rendered":"<p>&bdquo;&hellip; und wie finanziert Ihr euch?&ldquo; Als Freikirche nehmen wir nicht am Kirchensteuereinzug teil und erhalten i.d.R. keine &ouml;ffentlichen Gelder. Unsere Dachorganisation, die Anskar-Kirche Deutschland, &uuml;bernimmt manche administrativen Aufgaben und [&hellip;]<\/p>\n","protected":false},"author":3,"featured_media":0,"parent":0,"menu_order":0,"comment_status":"closed","ping_status":"closed","template":"","meta":{"_et_pb_use_builder":"on","_et_pb_old_content":"","_et_gb_content_width":"","footnotes":""},"class_list":["post-2587","page","type-page","status-publish","hentry"],"yoast_head":"<!-- This site is optimized with the Yoast SEO plugin v24.6 - https:\/\/yoast.com\/wordpress\/plugins\/seo\/ -->\n<title>Spenden - Anskar-Kirche Marburg<\/title>\n<meta name=\"robots\" content=\"index, follow, max-snippet:-1, max-image-preview:large, max-video-preview:-1\" \/>\n<link rel=\"canonical\" href=\"https:\/\/www.anskar.de\/marburg\/spenden\/\" \/>\n<meta property=\"og:locale\" content=\"de_DE\" \/>\n<meta property=\"og:type\" content=\"article\" \/>\n<meta property=\"og:title\" content=\"Spenden - Anskar-Kirche Marburg\" \/>\n<meta property=\"og:description\" content=\"&bdquo;&hellip; und wie finanziert Ihr euch?&ldquo; Als Freikirche nehmen wir nicht am Kirchensteuereinzug teil und erhalten i.d.R. keine &ouml;ffentlichen Gelder. Unsere Dachorganisation, die Anskar-Kirche Deutschland, &uuml;bernimmt manche administrativen Aufgaben und [&hellip;]\" \/>\n<meta property=\"og:url\" content=\"https:\/\/www.anskar.de\/marburg\/spenden\/\" \/>\n<meta property=\"og:site_name\" content=\"Anskar-Kirche Marburg\" \/>\n<meta property=\"article:modified_time\" content=\"2024-04-23T20:55:07+00:00\" \/>\n<meta name=\"twitter:card\" content=\"summary_large_image\" \/>\n<meta name=\"twitter:label1\" content=\"Gesch\u00e4tzte Lesezeit\" \/>\n\t<meta name=\"twitter:data1\" content=\"4\u00a0Minuten\" \/>\n<script type=\"application\/ld+json\" class=\"yoast-schema-graph\">{\"@context\":\"https:\/\/schema.org\",\"@graph\":[{\"@type\":\"WebPage\",\"@id\":\"https:\/\/www.anskar.de\/marburg\/spenden\/\",\"url\":\"https:\/\/www.anskar.de\/marburg\/spenden\/\",\"name\":\"Spenden - Anskar-Kirche Marburg\",\"isPartOf\":{\"@id\":\"https:\/\/www.anskar.de\/marburg\/#website\"},\"datePublished\":\"2017-10-10T20:01:16+00:00\",\"dateModified\":\"2024-04-23T20:55:07+00:00\",\"breadcrumb\":{\"@id\":\"https:\/\/www.anskar.de\/marburg\/spenden\/#breadcrumb\"},\"inLanguage\":\"de\",\"potentialAction\":[{\"@type\":\"ReadAction\",\"target\":[\"https:\/\/www.anskar.de\/marburg\/spenden\/\"]}]},{\"@type\":\"BreadcrumbList\",\"@id\":\"https:\/\/www.anskar.de\/marburg\/spenden\/#breadcrumb\",\"itemListElement\":[{\"@type\":\"ListItem\",\"position\":1,\"name\":\"Startseite\",\"item\":\"https:\/\/www.anskar.de\/marburg\/\"},{\"@type\":\"ListItem\",\"position\":2,\"name\":\"Spenden\"}]},{\"@type\":\"WebSite\",\"@id\":\"https:\/\/www.anskar.de\/marburg\/#website\",\"url\":\"https:\/\/www.anskar.de\/marburg\/\",\"name\":\"Anskar-Kirche Marburg\",\"description\":\"Internationale Gemeinde\",\"potentialAction\":[{\"@type\":\"SearchAction\",\"target\":{\"@type\":\"EntryPoint\",\"urlTemplate\":\"https:\/\/www.anskar.de\/marburg\/?s={search_term_string}\"},\"query-input\":{\"@type\":\"PropertyValueSpecification\",\"valueRequired\":true,\"valueName\":\"search_term_string\"}}],\"inLanguage\":\"de\"}]}<\/script>\n<!-- \/ Yoast SEO plugin. -->","yoast_head_json":{"title":"Spenden - Anskar-Kirche Marburg","robots":{"index":"index","follow":"follow","max-snippet":"max-snippet:-1","max-image-preview":"max-image-preview:large","max-video-preview":"max-video-preview:-1"},"canonical":"https:\/\/www.anskar.de\/marburg\/spenden\/","og_locale":"de_DE","og_type":"article","og_title":"Spenden - Anskar-Kirche Marburg","og_description":"&bdquo;&hellip; und wie finanziert Ihr euch?&ldquo; Als Freikirche nehmen wir nicht am Kirchensteuereinzug teil und erhalten i.d.R. keine &ouml;ffentlichen Gelder. Unsere Dachorganisation, die Anskar-Kirche Deutschland, &uuml;bernimmt manche administrativen Aufgaben und [&hellip;]","og_url":"https:\/\/www.anskar.de\/marburg\/spenden\/","og_site_name":"Anskar-Kirche Marburg","article_modified_time":"2024-04-23T20:55:07+00:00","twitter_card":"summary_large_image","twitter_misc":{"Gesch\u00e4tzte Lesezeit":"4\u00a0Minuten"},"schema":{"@context":"https:\/\/schema.org","@graph":[{"@type":"WebPage","@id":"https:\/\/www.anskar.de\/marburg\/spenden\/","url":"https:\/\/www.anskar.de\/marburg\/spenden\/","name":"Spenden - Anskar-Kirche Marburg","isPartOf":{"@id":"https:\/\/www.anskar.de\/marburg\/#website"},"datePublished":"2017-10-10T20:01:16+00:00","dateModified":"2024-04-23T20:55:07+00:00","breadcrumb":{"@id":"https:\/\/www.anskar.de\/marburg\/spenden\/#breadcrumb"},"inLanguage":"de","potentialAction":[{"@type":"ReadAction","target":["https:\/\/www.anskar.de\/marburg\/spenden\/"]}]},{"@type":"BreadcrumbList","@id":"https:\/\/www.anskar.de\/marburg\/spenden\/#breadcrumb","itemListElement":[{"@type":"ListItem","position":1,"name":"Startseite","item":"https:\/\/www.anskar.de\/marburg\/"},{"@type":"ListItem","position":2,"name":"Spenden"}]},{"@type":"WebSite","@id":"https:\/\/www.anskar.de\/marburg\/#website","url":"https:\/\/www.anskar.de\/marburg\/","name":"Anskar-Kirche Marburg","description":"Internationale Gemeinde","potentialAction":[{"@type":"SearchAction","target":{"@type":"EntryPoint","urlTemplate":"https:\/\/www.anskar.de\/marburg\/?s={search_term_string}"},"query-input":{"@type":"PropertyValueSpecification","valueRequired":true,"valueName":"search_term_string"}}],"inLanguage":"de"}]}},"_links":{"self":[{"href":"https:\/\/www.anskar.de\/marburg\/wp-json\/wp\/v2\/pages\/2587","targetHints":{"allow":["GET"]}}],"collection":[{"href":"https:\/\/www.anskar.de\/marburg\/wp-json\/wp\/v2\/pages"}],"about":[{"href":"https:\/\/www.anskar.de\/marburg\/wp-json\/wp\/v2\/types\/page"}],"author":[{"embeddable":true,"href":"https:\/\/www.anskar.de\/marburg\/wp-json\/wp\/v2\/users\/3"}],"replies":[{"embeddable":true,"href":"https:\/\/www.anskar.de\/marburg\/wp-json\/wp\/v2\/comments?post=2587"}],"version-history":[{"count":20,"href":"https:\/\/www.anskar.de\/marburg\/wp-json\/wp\/v2\/pages\/2587\/revisions"}],"predecessor-version":[{"id":3996,"href":"https:\/\/www.anskar.de\/marburg\/wp-json\/wp\/v2\/pages\/2587\/revisions\/3996"}],"wp:attachment":[{"href":"https:\/\/www.anskar.de\/marburg\/wp-json\/wp\/v2\/media?parent=2587"}],"curies":[{"name":"wp","href":"https:\/\/api.w.org\/{rel}","templated":true}]}}