{"id":2624,"date":"2017-10-10T23:45:14","date_gmt":"2017-10-10T21:45:14","guid":{"rendered":"https:\/\/www.anskar.de\/marburg\/?page_id=2624"},"modified":"2025-08-27T18:46:14","modified_gmt":"2025-08-27T16:46:14","slug":"kleingruppen","status":"publish","type":"page","link":"https:\/\/www.anskar.de\/marburg\/kleingruppen\/","title":{"rendered":"Kleingruppen"},"content":{"rendered":"<p>[et_pb_section fb_built=&#8220;1&#8243; fullwidth=&#8220;on&#8220; _builder_version=&#8220;4.16&#8243; global_colors_info=&#8220;{}&#8220;][et_pb_fullwidth_slider _builder_version=&#8220;4.18.0&#8243; custom_padding=&#8220;150px||150px|&#8220; custom_padding_tablet=&#8220;|||&#8220; custom_padding_phone=&#8220;|||&#8220; box_shadow_style=&#8220;preset6&#8243; box_shadow_blur=&#8220;10px&#8220; box_shadow_color=&#8220;rgba(0,0,0,0.1)&#8220; top_padding=&#8220;150px&#8220; bottom_padding=&#8220;150px&#8220; show_inner_shadow=&#8220;on&#8220; global_colors_info=&#8220;{}&#8220; button_text_size__hover_enabled=&#8220;off&#8220; button_one_text_size__hover_enabled=&#8220;off&#8220; button_two_text_size__hover_enabled=&#8220;off&#8220; button_text_color__hover_enabled=&#8220;off&#8220; button_one_text_color__hover_enabled=&#8220;off&#8220; button_two_text_color__hover_enabled=&#8220;off&#8220; button_border_width__hover_enabled=&#8220;off&#8220; button_one_border_width__hover_enabled=&#8220;off&#8220; button_two_border_width__hover_enabled=&#8220;off&#8220; button_border_color__hover_enabled=&#8220;off&#8220; button_one_border_color__hover_enabled=&#8220;off&#8220; button_two_border_color__hover_enabled=&#8220;off&#8220; button_border_radius__hover_enabled=&#8220;off&#8220; button_one_border_radius__hover_enabled=&#8220;off&#8220; button_two_border_radius__hover_enabled=&#8220;off&#8220; button_letter_spacing__hover_enabled=&#8220;off&#8220; button_one_letter_spacing__hover_enabled=&#8220;off&#8220; button_two_letter_spacing__hover_enabled=&#8220;off&#8220; button_bg_color__hover_enabled=&#8220;off&#8220; button_one_bg_color__hover_enabled=&#8220;off&#8220; button_two_bg_color__hover_enabled=&#8220;off&#8220;][et_pb_slide heading=&#8220;Kleingruppen&#8220; _builder_version=&#8220;4.18.0&#8243; background_color=&#8220;#ffffff&#8220; background_image=&#8220;https:\/\/www.anskar.de\/marburg\/wp-content\/uploads\/sites\/4\/2018\/08\/picnic-1208229_1280-1.jpg&#8220; parallax=&#8220;on&#8220; global_colors_info=&#8220;{}&#8220; button_text_size__hover_enabled=&#8220;off&#8220; button_one_text_size__hover_enabled=&#8220;off&#8220; button_two_text_size__hover_enabled=&#8220;off&#8220; button_text_color__hover_enabled=&#8220;off&#8220; button_one_text_color__hover_enabled=&#8220;off&#8220; button_two_text_color__hover_enabled=&#8220;off&#8220; button_border_width__hover_enabled=&#8220;off&#8220; button_one_border_width__hover_enabled=&#8220;off&#8220; button_two_border_width__hover_enabled=&#8220;off&#8220; button_border_color__hover_enabled=&#8220;off&#8220; button_one_border_color__hover_enabled=&#8220;off&#8220; button_two_border_color__hover_enabled=&#8220;off&#8220; button_border_radius__hover_enabled=&#8220;off&#8220; button_one_border_radius__hover_enabled=&#8220;off&#8220; button_two_border_radius__hover_enabled=&#8220;off&#8220; button_letter_spacing__hover_enabled=&#8220;off&#8220; button_one_letter_spacing__hover_enabled=&#8220;off&#8220; button_two_letter_spacing__hover_enabled=&#8220;off&#8220; button_bg_color__hover_enabled=&#8220;off&#8220; button_one_bg_color__hover_enabled=&#8220;off&#8220; button_two_bg_color__hover_enabled=&#8220;off&#8220; sticky_transition=&#8220;on&#8220;][\/et_pb_slide][\/et_pb_fullwidth_slider][\/et_pb_section][et_pb_section fb_built=&#8220;1&#8243; _builder_version=&#8220;4.16&#8243; global_colors_info=&#8220;{}&#8220;][et_pb_row column_structure=&#8220;2_3,1_3&#8243; _builder_version=&#8220;4.16&#8243; global_colors_info=&#8220;{}&#8220;][et_pb_column type=&#8220;2_3&#8243; _builder_version=&#8220;4.16&#8243; custom_padding=&#8220;|||&#8220; global_colors_info=&#8220;{}&#8220; custom_padding__hover=&#8220;|||&#8220;][et_pb_text _builder_version=&#8220;4.18.0&#8243; global_colors_info=&#8220;{}&#8220;]<\/p>\n<p><strong>Kirche f\u00fcr die Stadt ist Kirche im Wohnzimmer<\/strong><\/p>\n<p>Kirche findet da statt, wo wir leben. In unseren H\u00e4usern und Wohnungen. Nat\u00fcrlich im Kleinformat. In unseren Kleingruppen kommen wir mit einer handvoll Leuten zusammen, teilen unser Leben, helfen einander, reden \u00fcber vieles und beten f\u00fcr alles.<\/p>\n<p>Wir haben verschiedene Arten von Kleingruppen:<\/p>\n<p>In unseren <strong>Hoffnungsgruppen<\/strong> wollen wir unsere Freunde in den Blick nehmen, die Jesus noch nicht kennen, f\u00fcr sie beten und sie einladen, ihm gemeinsam mit uns nachzufolgen. Die Gruppen sind darauf angelegt, dass sie wachsen und sich nach einiger Zeit multiplizieren (manche sprechen auch von <a href=\"https:\/\/www.multiplikation.net\/\">Zellgruppen<\/a>).<\/p>\n<p>Daneben haben wir auch klassische <strong>Hauskreise<\/strong>, in denen wir einander helfen, unseren Glauben zu leben und unser Leben zu gestalten. Auch die Hauskreise freuen sich jederzeit \u00fcber neue Besucher.<\/p>\n<p>In jedem Fall: Unsere Kleingruppen\u00a0bilden ein wichtiges Netzwerk unserer Gemeinschaft. Sie sind das R\u00fcckgrat unserer Kirche. Denn wichtiger als ein Event am Sonntag sind echte Beziehungen im Alltag.<\/p>\n<p><a href=\"&#x6d;&#x61;&#105;l&#x74;&#x6f;&#58;&#109;a&#x72;&#x62;&#117;&#114;g&#x40;&#x61;&#110;sk&#x61;&#x72;&#46;d&#x65;\" title=\"Hauskreis?\">Melde dich bei uns<\/a> &#8211; wir helfen dir, eine Kleingruppe zu finden, die zu dir passt.<\/p>\n<p>[\/et_pb_text][\/et_pb_column][et_pb_column type=&#8220;1_3&#8243; _builder_version=&#8220;4.16&#8243; custom_padding=&#8220;|||&#8220; global_colors_info=&#8220;{}&#8220; custom_padding__hover=&#8220;|||&#8220;][et_pb_text _builder_version=&#8220;4.18.0&#8243; global_colors_info=&#8220;{}&#8220;]<\/p>\n<p>Unsere Kleingruppen treffen sich zu verschiedenen Zeiten an verschiedenen Orten im Landkreis:<\/p>\n<p><strong>Donnerstags<\/strong><\/p>\n<ul>\n<li>&#8222;Unter dem Gedankenspiel&#8220; (Wehrda)<\/li>\n<li>Altenvers<\/li>\n<li>Hoffnungsgruppe &#8222;Ladybirds&#8220; (S\u00fcdviertel)<\/li>\n<\/ul>\n<p><strong>Freitags<\/strong><\/p>\n<ul>\n<li>bei Max<\/li>\n<li>Farsi-Glaubenskurs (per Zoom)<\/li>\n<\/ul>\n<p><strong>Samstags<\/strong><\/p>\n<ul>\n<li>Kirchvers (verschiedene Orte)<\/li>\n<\/ul>\n<ul><\/ul>\n<p>[\/et_pb_text][\/et_pb_column][\/et_pb_row][\/et_pb_section]<\/p>\n","protected":false},"excerpt":{"rendered":"<p>Kirche f\u00fcr die Stadt ist Kirche im Wohnzimmer Kirche findet da statt, wo wir leben. In unseren H\u00e4usern und Wohnungen. Nat\u00fcrlich im Kleinformat. In unseren Kleingruppen kommen wir mit einer [&hellip;]<\/p>\n","protected":false},"author":3,"featured_media":0,"parent":0,"menu_order":0,"comment_status":"closed","ping_status":"closed","template":"","meta":{"_et_pb_use_builder":"on","_et_pb_old_content":"","_et_gb_content_width":"","footnotes":""},"class_list":["post-2624","page","type-page","status-publish","hentry"],"yoast_head":"<!-- This site is optimized with the Yoast SEO plugin v24.6 - https:\/\/yoast.com\/wordpress\/plugins\/seo\/ -->\n<title>Kleingruppen - Anskar-Kirche Marburg<\/title>\n<meta name=\"robots\" content=\"index, follow, max-snippet:-1, max-image-preview:large, max-video-preview:-1\" \/>\n<link rel=\"canonical\" href=\"https:\/\/www.anskar.de\/marburg\/kleingruppen\/\" \/>\n<meta property=\"og:locale\" content=\"de_DE\" \/>\n<meta property=\"og:type\" content=\"article\" \/>\n<meta property=\"og:title\" content=\"Kleingruppen - Anskar-Kirche Marburg\" \/>\n<meta property=\"og:description\" content=\"Kirche f\u00fcr die Stadt ist Kirche im Wohnzimmer Kirche findet da statt, wo wir leben. In unseren H\u00e4usern und Wohnungen. Nat\u00fcrlich im Kleinformat. In unseren Kleingruppen kommen wir mit einer [&hellip;]\" \/>\n<meta property=\"og:url\" content=\"https:\/\/www.anskar.de\/marburg\/kleingruppen\/\" \/>\n<meta property=\"og:site_name\" content=\"Anskar-Kirche Marburg\" \/>\n<meta property=\"article:modified_time\" content=\"2025-08-27T16:46:14+00:00\" \/>\n<meta name=\"twitter:card\" content=\"summary_large_image\" \/>\n<meta name=\"twitter:label1\" content=\"Gesch\u00e4tzte Lesezeit\" \/>\n\t<meta name=\"twitter:data1\" content=\"2\u00a0Minuten\" \/>\n<script type=\"application\/ld+json\" class=\"yoast-schema-graph\">{\"@context\":\"https:\/\/schema.org\",\"@graph\":[{\"@type\":\"WebPage\",\"@id\":\"https:\/\/www.anskar.de\/marburg\/kleingruppen\/\",\"url\":\"https:\/\/www.anskar.de\/marburg\/kleingruppen\/\",\"name\":\"Kleingruppen - Anskar-Kirche Marburg\",\"isPartOf\":{\"@id\":\"https:\/\/www.anskar.de\/marburg\/#website\"},\"datePublished\":\"2017-10-10T21:45:14+00:00\",\"dateModified\":\"2025-08-27T16:46:14+00:00\",\"breadcrumb\":{\"@id\":\"https:\/\/www.anskar.de\/marburg\/kleingruppen\/#breadcrumb\"},\"inLanguage\":\"de\",\"potentialAction\":[{\"@type\":\"ReadAction\",\"target\":[\"https:\/\/www.anskar.de\/marburg\/kleingruppen\/\"]}]},{\"@type\":\"BreadcrumbList\",\"@id\":\"https:\/\/www.anskar.de\/marburg\/kleingruppen\/#breadcrumb\",\"itemListElement\":[{\"@type\":\"ListItem\",\"position\":1,\"name\":\"Startseite\",\"item\":\"https:\/\/www.anskar.de\/marburg\/\"},{\"@type\":\"ListItem\",\"position\":2,\"name\":\"Kleingruppen\"}]},{\"@type\":\"WebSite\",\"@id\":\"https:\/\/www.anskar.de\/marburg\/#website\",\"url\":\"https:\/\/www.anskar.de\/marburg\/\",\"name\":\"Anskar-Kirche Marburg\",\"description\":\"Internationale Gemeinde\",\"potentialAction\":[{\"@type\":\"SearchAction\",\"target\":{\"@type\":\"EntryPoint\",\"urlTemplate\":\"https:\/\/www.anskar.de\/marburg\/?s={search_term_string}\"},\"query-input\":{\"@type\":\"PropertyValueSpecification\",\"valueRequired\":true,\"valueName\":\"search_term_string\"}}],\"inLanguage\":\"de\"}]}<\/script>\n<!-- \/ Yoast SEO plugin. -->","yoast_head_json":{"title":"Kleingruppen - Anskar-Kirche Marburg","robots":{"index":"index","follow":"follow","max-snippet":"max-snippet:-1","max-image-preview":"max-image-preview:large","max-video-preview":"max-video-preview:-1"},"canonical":"https:\/\/www.anskar.de\/marburg\/kleingruppen\/","og_locale":"de_DE","og_type":"article","og_title":"Kleingruppen - Anskar-Kirche Marburg","og_description":"Kirche f\u00fcr die Stadt ist Kirche im Wohnzimmer Kirche findet da statt, wo wir leben. In unseren H\u00e4usern und Wohnungen. Nat\u00fcrlich im Kleinformat. In unseren Kleingruppen kommen wir mit einer [&hellip;]","og_url":"https:\/\/www.anskar.de\/marburg\/kleingruppen\/","og_site_name":"Anskar-Kirche Marburg","article_modified_time":"2025-08-27T16:46:14+00:00","twitter_card":"summary_large_image","twitter_misc":{"Gesch\u00e4tzte Lesezeit":"2\u00a0Minuten"},"schema":{"@context":"https:\/\/schema.org","@graph":[{"@type":"WebPage","@id":"https:\/\/www.anskar.de\/marburg\/kleingruppen\/","url":"https:\/\/www.anskar.de\/marburg\/kleingruppen\/","name":"Kleingruppen - Anskar-Kirche Marburg","isPartOf":{"@id":"https:\/\/www.anskar.de\/marburg\/#website"},"datePublished":"2017-10-10T21:45:14+00:00","dateModified":"2025-08-27T16:46:14+00:00","breadcrumb":{"@id":"https:\/\/www.anskar.de\/marburg\/kleingruppen\/#breadcrumb"},"inLanguage":"de","potentialAction":[{"@type":"ReadAction","target":["https:\/\/www.anskar.de\/marburg\/kleingruppen\/"]}]},{"@type":"BreadcrumbList","@id":"https:\/\/www.anskar.de\/marburg\/kleingruppen\/#breadcrumb","itemListElement":[{"@type":"ListItem","position":1,"name":"Startseite","item":"https:\/\/www.anskar.de\/marburg\/"},{"@type":"ListItem","position":2,"name":"Kleingruppen"}]},{"@type":"WebSite","@id":"https:\/\/www.anskar.de\/marburg\/#website","url":"https:\/\/www.anskar.de\/marburg\/","name":"Anskar-Kirche Marburg","description":"Internationale Gemeinde","potentialAction":[{"@type":"SearchAction","target":{"@type":"EntryPoint","urlTemplate":"https:\/\/www.anskar.de\/marburg\/?s={search_term_string}"},"query-input":{"@type":"PropertyValueSpecification","valueRequired":true,"valueName":"search_term_string"}}],"inLanguage":"de"}]}},"_links":{"self":[{"href":"https:\/\/www.anskar.de\/marburg\/wp-json\/wp\/v2\/pages\/2624","targetHints":{"allow":["GET"]}}],"collection":[{"href":"https:\/\/www.anskar.de\/marburg\/wp-json\/wp\/v2\/pages"}],"about":[{"href":"https:\/\/www.anskar.de\/marburg\/wp-json\/wp\/v2\/types\/page"}],"author":[{"embeddable":true,"href":"https:\/\/www.anskar.de\/marburg\/wp-json\/wp\/v2\/users\/3"}],"replies":[{"embeddable":true,"href":"https:\/\/www.anskar.de\/marburg\/wp-json\/wp\/v2\/comments?post=2624"}],"version-history":[{"count":26,"href":"https:\/\/www.anskar.de\/marburg\/wp-json\/wp\/v2\/pages\/2624\/revisions"}],"predecessor-version":[{"id":4358,"href":"https:\/\/www.anskar.de\/marburg\/wp-json\/wp\/v2\/pages\/2624\/revisions\/4358"}],"wp:attachment":[{"href":"https:\/\/www.anskar.de\/marburg\/wp-json\/wp\/v2\/media?parent=2624"}],"curies":[{"name":"wp","href":"https:\/\/api.w.org\/{rel}","templated":true}]}}