{"id":2627,"date":"2017-10-11T00:59:12","date_gmt":"2017-10-10T22:59:12","guid":{"rendered":"https:\/\/www.anskar.de\/marburg\/?page_id=2627"},"modified":"2023-02-21T19:11:41","modified_gmt":"2023-02-21T18:11:41","slug":"streetteam","status":"publish","type":"page","link":"https:\/\/www.anskar.de\/marburg\/streetteam\/","title":{"rendered":"Street-Team"},"content":{"rendered":"<p>[et_pb_section fb_built=&#8220;1&#8243; fullwidth=&#8220;on&#8220; _builder_version=&#8220;4.16&#8243; global_colors_info=&#8220;{}&#8220;][et_pb_fullwidth_slider _builder_version=&#8220;4.16&#8243; custom_padding=&#8220;150px||150px|&#8220; custom_padding_tablet=&#8220;|||&#8220; custom_padding_phone=&#8220;|||&#8220; box_shadow_style=&#8220;preset6&#8243; box_shadow_blur=&#8220;10px&#8220; box_shadow_color=&#8220;rgba(0,0,0,0.1)&#8220; top_padding=&#8220;150px&#8220; bottom_padding=&#8220;150px&#8220; show_inner_shadow=&#8220;on&#8220; global_colors_info=&#8220;{}&#8220; button_text_size__hover_enabled=&#8220;off&#8220; button_one_text_size__hover_enabled=&#8220;off&#8220; button_two_text_size__hover_enabled=&#8220;off&#8220; button_text_color__hover_enabled=&#8220;off&#8220; button_one_text_color__hover_enabled=&#8220;off&#8220; button_two_text_color__hover_enabled=&#8220;off&#8220; button_border_width__hover_enabled=&#8220;off&#8220; button_one_border_width__hover_enabled=&#8220;off&#8220; button_two_border_width__hover_enabled=&#8220;off&#8220; button_border_color__hover_enabled=&#8220;off&#8220; button_one_border_color__hover_enabled=&#8220;off&#8220; button_two_border_color__hover_enabled=&#8220;off&#8220; button_border_radius__hover_enabled=&#8220;off&#8220; button_one_border_radius__hover_enabled=&#8220;off&#8220; button_two_border_radius__hover_enabled=&#8220;off&#8220; button_letter_spacing__hover_enabled=&#8220;off&#8220; button_one_letter_spacing__hover_enabled=&#8220;off&#8220; button_two_letter_spacing__hover_enabled=&#8220;off&#8220; button_bg_color__hover_enabled=&#8220;off&#8220; button_one_bg_color__hover_enabled=&#8220;off&#8220; button_two_bg_color__hover_enabled=&#8220;off&#8220;][et_pb_slide heading=&#8220;Street-Team&#8220; _builder_version=&#8220;4.16&#8243; background_color=&#8220;#ffffff&#8220; background_image=&#8220;https:\/\/www.anskar.de\/marburg\/wp-content\/uploads\/sites\/4\/2017\/10\/164913_10200245362558556_30387551_n.jpg&#8220; parallax=&#8220;on&#8220; global_colors_info=&#8220;{}&#8220; sticky_transition=&#8220;on&#8220; button_text_size__hover_enabled=&#8220;off&#8220; button_one_text_size__hover_enabled=&#8220;off&#8220; button_two_text_size__hover_enabled=&#8220;off&#8220; button_text_color__hover_enabled=&#8220;off&#8220; button_one_text_color__hover_enabled=&#8220;off&#8220; button_two_text_color__hover_enabled=&#8220;off&#8220; button_border_width__hover_enabled=&#8220;off&#8220; button_one_border_width__hover_enabled=&#8220;off&#8220; button_two_border_width__hover_enabled=&#8220;off&#8220; button_border_color__hover_enabled=&#8220;off&#8220; button_one_border_color__hover_enabled=&#8220;off&#8220; button_two_border_color__hover_enabled=&#8220;off&#8220; button_border_radius__hover_enabled=&#8220;off&#8220; button_one_border_radius__hover_enabled=&#8220;off&#8220; button_two_border_radius__hover_enabled=&#8220;off&#8220; button_letter_spacing__hover_enabled=&#8220;off&#8220; button_one_letter_spacing__hover_enabled=&#8220;off&#8220; button_two_letter_spacing__hover_enabled=&#8220;off&#8220; button_bg_color__hover_enabled=&#8220;off&#8220; button_one_bg_color__hover_enabled=&#8220;off&#8220; button_two_bg_color__hover_enabled=&#8220;off&#8220;][\/et_pb_slide][\/et_pb_fullwidth_slider][\/et_pb_section][et_pb_section fb_built=&#8220;1&#8243; _builder_version=&#8220;4.16&#8243; global_colors_info=&#8220;{}&#8220;][et_pb_row _builder_version=&#8220;4.16&#8243; global_colors_info=&#8220;{}&#8220;][et_pb_column type=&#8220;4_4&#8243; _builder_version=&#8220;4.16&#8243; custom_padding=&#8220;|||&#8220; global_colors_info=&#8220;{}&#8220; custom_padding__hover=&#8220;|||&#8220;][et_pb_text _builder_version=&#8220;4.18.0&#8243; hover_enabled=&#8220;0&#8243; global_colors_info=&#8220;{}&#8220; sticky_enabled=&#8220;0&#8243;]<\/p>\n<p>Das Street-Team ist ein gemeinschaftliches Projekt von momentan 10 Mitarbeitern aus dem Christus-Treff Marburg und der Anskar-Kirche Marburg.<\/p>\n<p>Grundlage unserer Arbeit als Street-Team ist das christliche Menschenbild, nach dem jeder Mensch, unabh\u00e4ngig von sozialer Stellung, Nationalit\u00e4t und Religion, seine unantastbare W\u00fcrde besitzt und von Gott bedingungslos geliebt ist. Deshalb wollen wir an den Menschen am Rande der Gesellschaft nicht vor\u00fcber gehen, sondern ihnen in derselben Liebe und Achtung begegnen, wie es uns Jesus vorgemacht hat.<\/p>\n<p>W\u00f6chentlich gehen wir als Team zu speziellen Orten in Marburg, die als Treffpunkte f\u00fcr Menschen dienen, die am Rande der Gesellschaft leben und auf verschiedenste Art und Weise Hilfe ben\u00f6tigen. Diese geschieht sowohl auf praktische Art als auch in seelsorgerlicher Weise. Dabei werden die Hilfsbed\u00fcrftigen in vielerlei Hinsicht unterst\u00fctzt, wie z. B. Begleitung bei Beh\u00f6rdeng\u00e4ngen und bei Krankenhausaufenthalten, Besuche im Gef\u00e4ngnis, Beratungsgespr\u00e4che und Begleitung beim Ausstieg aus dem Drogenkonsum, Vermittlung und Begleitung in Therapie-Einrichtungen, Einzelbetreuung von Personen, Konfliktberatung, allgemeine Lebenshilfe und Verk\u00fcndigung des Evangeliums im Rahmen von monatlichen Gottesdiensten, die vor Ort gestaltet werden. Wir m\u00f6chten gemeinsam Leben feiern, wie z. B. Sommerfeste, Geburtstage und Weihnachten. Mit unserem Dienst versuchen wir, Gemeinde vor Ort zu bauen und Menschen auf der Basis und in der Kraft des Evangeliums zu retten und zu befreien, die am Rande der Gesellschaft sind.<\/p>\n<p>Das Street-Team versteht sich als Teil des sozialen Netzwerkes der Stadt Marburg und speziell als Schnittstelle zwischen Menschen in schwierigen Lebenssituationen auf der Stra\u00dfe und professionellen Hilfeanbietern.<\/p>\n<p>Renate Becker <br \/><a href=\"mailto:renatebe[at]aol.com\">renatebe[at]aol.com<\/a><br \/>0170\/7169572<\/p>\n<p>[\/et_pb_text][\/et_pb_column][\/et_pb_row][\/et_pb_section]<\/p>\n","protected":false},"excerpt":{"rendered":"<p>Das Street-Team ist ein gemeinschaftliches Projekt von momentan 10 Mitarbeitern aus dem Christus-Treff Marburg und der Anskar-Kirche Marburg. Grundlage unserer Arbeit als Street-Team ist das christliche Menschenbild, nach dem jeder [&hellip;]<\/p>\n","protected":false},"author":3,"featured_media":0,"parent":0,"menu_order":0,"comment_status":"closed","ping_status":"closed","template":"","meta":{"_et_pb_use_builder":"on","_et_pb_old_content":"","_et_gb_content_width":"","footnotes":""},"class_list":["post-2627","page","type-page","status-publish","hentry"],"yoast_head":"<!-- This site is optimized with the Yoast SEO plugin v24.6 - https:\/\/yoast.com\/wordpress\/plugins\/seo\/ -->\n<title>Street-Team - Anskar-Kirche Marburg<\/title>\n<meta name=\"robots\" content=\"index, follow, max-snippet:-1, max-image-preview:large, max-video-preview:-1\" \/>\n<link rel=\"canonical\" href=\"https:\/\/www.anskar.de\/marburg\/streetteam\/\" \/>\n<meta property=\"og:locale\" content=\"de_DE\" \/>\n<meta property=\"og:type\" content=\"article\" \/>\n<meta property=\"og:title\" content=\"Street-Team - Anskar-Kirche Marburg\" \/>\n<meta property=\"og:description\" content=\"Das Street-Team ist ein gemeinschaftliches Projekt von momentan 10 Mitarbeitern aus dem Christus-Treff Marburg und der Anskar-Kirche Marburg. Grundlage unserer Arbeit als Street-Team ist das christliche Menschenbild, nach dem jeder [&hellip;]\" \/>\n<meta property=\"og:url\" content=\"https:\/\/www.anskar.de\/marburg\/streetteam\/\" \/>\n<meta property=\"og:site_name\" content=\"Anskar-Kirche Marburg\" \/>\n<meta property=\"article:modified_time\" content=\"2023-02-21T18:11:41+00:00\" \/>\n<meta name=\"twitter:card\" content=\"summary_large_image\" \/>\n<meta name=\"twitter:label1\" content=\"Gesch\u00e4tzte Lesezeit\" \/>\n\t<meta name=\"twitter:data1\" content=\"3\u00a0Minuten\" \/>\n<script type=\"application\/ld+json\" class=\"yoast-schema-graph\">{\"@context\":\"https:\/\/schema.org\",\"@graph\":[{\"@type\":\"WebPage\",\"@id\":\"https:\/\/www.anskar.de\/marburg\/streetteam\/\",\"url\":\"https:\/\/www.anskar.de\/marburg\/streetteam\/\",\"name\":\"Street-Team - Anskar-Kirche Marburg\",\"isPartOf\":{\"@id\":\"https:\/\/www.anskar.de\/marburg\/#website\"},\"datePublished\":\"2017-10-10T22:59:12+00:00\",\"dateModified\":\"2023-02-21T18:11:41+00:00\",\"breadcrumb\":{\"@id\":\"https:\/\/www.anskar.de\/marburg\/streetteam\/#breadcrumb\"},\"inLanguage\":\"de\",\"potentialAction\":[{\"@type\":\"ReadAction\",\"target\":[\"https:\/\/www.anskar.de\/marburg\/streetteam\/\"]}]},{\"@type\":\"BreadcrumbList\",\"@id\":\"https:\/\/www.anskar.de\/marburg\/streetteam\/#breadcrumb\",\"itemListElement\":[{\"@type\":\"ListItem\",\"position\":1,\"name\":\"Startseite\",\"item\":\"https:\/\/www.anskar.de\/marburg\/\"},{\"@type\":\"ListItem\",\"position\":2,\"name\":\"Street-Team\"}]},{\"@type\":\"WebSite\",\"@id\":\"https:\/\/www.anskar.de\/marburg\/#website\",\"url\":\"https:\/\/www.anskar.de\/marburg\/\",\"name\":\"Anskar-Kirche Marburg\",\"description\":\"Internationale Gemeinde\",\"potentialAction\":[{\"@type\":\"SearchAction\",\"target\":{\"@type\":\"EntryPoint\",\"urlTemplate\":\"https:\/\/www.anskar.de\/marburg\/?s={search_term_string}\"},\"query-input\":{\"@type\":\"PropertyValueSpecification\",\"valueRequired\":true,\"valueName\":\"search_term_string\"}}],\"inLanguage\":\"de\"}]}<\/script>\n<!-- \/ Yoast SEO plugin. -->","yoast_head_json":{"title":"Street-Team - Anskar-Kirche Marburg","robots":{"index":"index","follow":"follow","max-snippet":"max-snippet:-1","max-image-preview":"max-image-preview:large","max-video-preview":"max-video-preview:-1"},"canonical":"https:\/\/www.anskar.de\/marburg\/streetteam\/","og_locale":"de_DE","og_type":"article","og_title":"Street-Team - Anskar-Kirche Marburg","og_description":"Das Street-Team ist ein gemeinschaftliches Projekt von momentan 10 Mitarbeitern aus dem Christus-Treff Marburg und der Anskar-Kirche Marburg. Grundlage unserer Arbeit als Street-Team ist das christliche Menschenbild, nach dem jeder [&hellip;]","og_url":"https:\/\/www.anskar.de\/marburg\/streetteam\/","og_site_name":"Anskar-Kirche Marburg","article_modified_time":"2023-02-21T18:11:41+00:00","twitter_card":"summary_large_image","twitter_misc":{"Gesch\u00e4tzte Lesezeit":"3\u00a0Minuten"},"schema":{"@context":"https:\/\/schema.org","@graph":[{"@type":"WebPage","@id":"https:\/\/www.anskar.de\/marburg\/streetteam\/","url":"https:\/\/www.anskar.de\/marburg\/streetteam\/","name":"Street-Team - Anskar-Kirche Marburg","isPartOf":{"@id":"https:\/\/www.anskar.de\/marburg\/#website"},"datePublished":"2017-10-10T22:59:12+00:00","dateModified":"2023-02-21T18:11:41+00:00","breadcrumb":{"@id":"https:\/\/www.anskar.de\/marburg\/streetteam\/#breadcrumb"},"inLanguage":"de","potentialAction":[{"@type":"ReadAction","target":["https:\/\/www.anskar.de\/marburg\/streetteam\/"]}]},{"@type":"BreadcrumbList","@id":"https:\/\/www.anskar.de\/marburg\/streetteam\/#breadcrumb","itemListElement":[{"@type":"ListItem","position":1,"name":"Startseite","item":"https:\/\/www.anskar.de\/marburg\/"},{"@type":"ListItem","position":2,"name":"Street-Team"}]},{"@type":"WebSite","@id":"https:\/\/www.anskar.de\/marburg\/#website","url":"https:\/\/www.anskar.de\/marburg\/","name":"Anskar-Kirche Marburg","description":"Internationale Gemeinde","potentialAction":[{"@type":"SearchAction","target":{"@type":"EntryPoint","urlTemplate":"https:\/\/www.anskar.de\/marburg\/?s={search_term_string}"},"query-input":{"@type":"PropertyValueSpecification","valueRequired":true,"valueName":"search_term_string"}}],"inLanguage":"de"}]}},"_links":{"self":[{"href":"https:\/\/www.anskar.de\/marburg\/wp-json\/wp\/v2\/pages\/2627","targetHints":{"allow":["GET"]}}],"collection":[{"href":"https:\/\/www.anskar.de\/marburg\/wp-json\/wp\/v2\/pages"}],"about":[{"href":"https:\/\/www.anskar.de\/marburg\/wp-json\/wp\/v2\/types\/page"}],"author":[{"embeddable":true,"href":"https:\/\/www.anskar.de\/marburg\/wp-json\/wp\/v2\/users\/3"}],"replies":[{"embeddable":true,"href":"https:\/\/www.anskar.de\/marburg\/wp-json\/wp\/v2\/comments?post=2627"}],"version-history":[{"count":5,"href":"https:\/\/www.anskar.de\/marburg\/wp-json\/wp\/v2\/pages\/2627\/revisions"}],"predecessor-version":[{"id":3721,"href":"https:\/\/www.anskar.de\/marburg\/wp-json\/wp\/v2\/pages\/2627\/revisions\/3721"}],"wp:attachment":[{"href":"https:\/\/www.anskar.de\/marburg\/wp-json\/wp\/v2\/media?parent=2627"}],"curies":[{"name":"wp","href":"https:\/\/api.w.org\/{rel}","templated":true}]}}