{"id":2638,"date":"2017-10-11T00:37:50","date_gmt":"2017-10-10T22:37:50","guid":{"rendered":"https:\/\/www.anskar.de\/marburg\/?page_id=2638"},"modified":"2017-11-30T23:17:27","modified_gmt":"2017-11-30T22:17:27","slug":"royal-rangers","status":"publish","type":"page","link":"https:\/\/www.anskar.de\/marburg\/royal-rangers\/","title":{"rendered":"Royal Rangers"},"content":{"rendered":"<p>[et_pb_section fb_built=&#8220;1&#8243; fullwidth=&#8220;on&#8220; _builder_version=&#8220;3.0.60&#8243;][et_pb_fullwidth_slider top_padding=&#8220;150px&#8220; bottom_padding=&#8220;150px&#8220; _builder_version=&#8220;3.0.60&#8243;][et_pb_slide heading=&#8220;Royal Rangers&#8220; background_image=&#8220;https:\/\/www.anskar.de\/marburg\/wp-content\/uploads\/sites\/4\/2017\/10\/cropped-2015-09-18-16.44.53-1.jpg&#8220; parallax=&#8220;on&#8220; parallax_method=&#8220;on&#8220; _builder_version=&#8220;3.0.60&#8243; button_link=&#8220;http:\/\/royalrangers.anskar-marburg.de&#8220; button_text=&#8220;Stamm-Webseite&#8220;][\/et_pb_slide][\/et_pb_fullwidth_slider][\/et_pb_section][et_pb_section fb_built=&#8220;1&#8243; _builder_version=&#8220;3.0.47&#8243;][et_pb_row _builder_version=&#8220;3.0.60&#8243;][et_pb_column type=&#8220;3_4&#8243; _builder_version=&#8220;3.0.60&#8243; parallax=&#8220;off&#8220; parallax_method=&#8220;on&#8220;][et_pb_text _builder_version=&#8220;3.0.60&#8243;]<\/p>\n<p><strong>Wir lieben das Abenteuer!<\/strong><\/p>\n<p>Herzlich willkommen bei unserer christlichen Pfadfinderschaft <strong>Royal Rangers<\/strong>! Diese weltweite Arbeit mit \u00fcber 520 \u201eStammposten\u201c (Ortsgruppen) in Deutschland verbindet kreative Erlebnisp\u00e4dagogik in und mit der Natur mit der Botschaft von Jesus. Auch in mehreren Anskar-Gemeinden gibt es schon Ranger-St\u00e4mme.<\/p>\n<p><strong>Wir treffen uns<\/strong><\/p>\n<p>Immer Freitags von 16.30-19 Uhr <em>(au\u00dfer in den Schulferien)<\/em> Stammtreffen auf einem Waldgrundst\u00fcck am Ortenberg, oberhalb der Studien- und Lebensgemeinschaft\u00a0Tabor. Treffpunkt am Tabor-Parkplatz (D\u00fcrerstra\u00dfe). Bitte mit festen Schuhen und wetterfester Kleidung kommen! Im Winter k\u00f6nnen wir f\u00fcr einen Teil der Treffen R\u00e4ume im Tabor-Gemeindezentrum nutzen.<\/p>\n<p><strong>Komm dazu<\/strong><\/p>\n<p>Du bist herzlich eingeladen, dabei zu sein \u2013 gern erstmal zum Kennenlernen. Deine Eltern sind nat\u00fcrlich auch willkommen.<\/p>\n<p>[\/et_pb_text][\/et_pb_column][et_pb_column type=&#8220;1_4&#8243; _builder_version=&#8220;3.0.60&#8243; parallax=&#8220;off&#8220; parallax_method=&#8220;on&#8220;][et_pb_blurb title=&#8220;Royal Rangers&#8220; image=&#8220;https:\/\/www.anskar.de\/marburg\/wp-content\/uploads\/sites\/4\/2017\/10\/Logo_Royal_Rangers.svg_.png&#8220; _builder_version=&#8220;3.0.60&#8243;]<\/p>\n<p style=\"text-align: left\"><a href=\"http:\/\/royalrangers.anskar-marburg.de\" target=\"_blank\" rel=\"noopener noreferrer\">Royal Rangers Marburg &#8211; Stamm-Webseite<\/a><\/p>\n<p style=\"text-align: left\"><a href=\"https:\/\/royal-rangers.de\/\" target=\"_blank\" rel=\"noopener noreferrer\">Royal Rangers Deutschland<\/a><\/p>\n<p>[\/et_pb_blurb][\/et_pb_column][\/et_pb_row][\/et_pb_section]<\/p>\n","protected":false},"excerpt":{"rendered":"<p>Wir lieben das Abenteuer! Herzlich willkommen bei unserer christlichen Pfadfinderschaft Royal Rangers! Diese weltweite Arbeit mit \u00fcber 520 \u201eStammposten\u201c (Ortsgruppen) in Deutschland verbindet kreative Erlebnisp\u00e4dagogik in und mit der Natur [&hellip;]<\/p>\n","protected":false},"author":3,"featured_media":0,"parent":0,"menu_order":0,"comment_status":"closed","ping_status":"closed","template":"","meta":{"_et_pb_use_builder":"on","_et_pb_old_content":"","_et_gb_content_width":"","footnotes":""},"class_list":["post-2638","page","type-page","status-publish","hentry"],"yoast_head":"<!-- This site is optimized with the Yoast SEO plugin v24.6 - https:\/\/yoast.com\/wordpress\/plugins\/seo\/ -->\n<title>Royal Rangers - Anskar-Kirche Marburg<\/title>\n<meta name=\"robots\" content=\"index, follow, max-snippet:-1, max-image-preview:large, max-video-preview:-1\" \/>\n<link rel=\"canonical\" href=\"https:\/\/www.anskar.de\/marburg\/royal-rangers\/\" \/>\n<meta property=\"og:locale\" content=\"de_DE\" \/>\n<meta property=\"og:type\" content=\"article\" \/>\n<meta property=\"og:title\" content=\"Royal Rangers - Anskar-Kirche Marburg\" \/>\n<meta property=\"og:description\" content=\"Wir lieben das Abenteuer! Herzlich willkommen bei unserer christlichen Pfadfinderschaft Royal Rangers! Diese weltweite Arbeit mit \u00fcber 520 \u201eStammposten\u201c (Ortsgruppen) in Deutschland verbindet kreative Erlebnisp\u00e4dagogik in und mit der Natur [&hellip;]\" \/>\n<meta property=\"og:url\" content=\"https:\/\/www.anskar.de\/marburg\/royal-rangers\/\" \/>\n<meta property=\"og:site_name\" content=\"Anskar-Kirche Marburg\" \/>\n<meta property=\"article:modified_time\" content=\"2017-11-30T22:17:27+00:00\" \/>\n<meta name=\"twitter:card\" content=\"summary_large_image\" \/>\n<meta name=\"twitter:label1\" content=\"Gesch\u00e4tzte Lesezeit\" \/>\n\t<meta name=\"twitter:data1\" content=\"1\u00a0Minute\" \/>\n<script type=\"application\/ld+json\" class=\"yoast-schema-graph\">{\"@context\":\"https:\/\/schema.org\",\"@graph\":[{\"@type\":\"WebPage\",\"@id\":\"https:\/\/www.anskar.de\/marburg\/royal-rangers\/\",\"url\":\"https:\/\/www.anskar.de\/marburg\/royal-rangers\/\",\"name\":\"Royal Rangers - Anskar-Kirche Marburg\",\"isPartOf\":{\"@id\":\"https:\/\/www.anskar.de\/marburg\/#website\"},\"datePublished\":\"2017-10-10T22:37:50+00:00\",\"dateModified\":\"2017-11-30T22:17:27+00:00\",\"breadcrumb\":{\"@id\":\"https:\/\/www.anskar.de\/marburg\/royal-rangers\/#breadcrumb\"},\"inLanguage\":\"de\",\"potentialAction\":[{\"@type\":\"ReadAction\",\"target\":[\"https:\/\/www.anskar.de\/marburg\/royal-rangers\/\"]}]},{\"@type\":\"BreadcrumbList\",\"@id\":\"https:\/\/www.anskar.de\/marburg\/royal-rangers\/#breadcrumb\",\"itemListElement\":[{\"@type\":\"ListItem\",\"position\":1,\"name\":\"Startseite\",\"item\":\"https:\/\/www.anskar.de\/marburg\/\"},{\"@type\":\"ListItem\",\"position\":2,\"name\":\"Royal Rangers\"}]},{\"@type\":\"WebSite\",\"@id\":\"https:\/\/www.anskar.de\/marburg\/#website\",\"url\":\"https:\/\/www.anskar.de\/marburg\/\",\"name\":\"Anskar-Kirche Marburg\",\"description\":\"Internationale Gemeinde\",\"potentialAction\":[{\"@type\":\"SearchAction\",\"target\":{\"@type\":\"EntryPoint\",\"urlTemplate\":\"https:\/\/www.anskar.de\/marburg\/?s={search_term_string}\"},\"query-input\":{\"@type\":\"PropertyValueSpecification\",\"valueRequired\":true,\"valueName\":\"search_term_string\"}}],\"inLanguage\":\"de\"}]}<\/script>\n<!-- \/ Yoast SEO plugin. -->","yoast_head_json":{"title":"Royal Rangers - Anskar-Kirche Marburg","robots":{"index":"index","follow":"follow","max-snippet":"max-snippet:-1","max-image-preview":"max-image-preview:large","max-video-preview":"max-video-preview:-1"},"canonical":"https:\/\/www.anskar.de\/marburg\/royal-rangers\/","og_locale":"de_DE","og_type":"article","og_title":"Royal Rangers - Anskar-Kirche Marburg","og_description":"Wir lieben das Abenteuer! Herzlich willkommen bei unserer christlichen Pfadfinderschaft Royal Rangers! Diese weltweite Arbeit mit \u00fcber 520 \u201eStammposten\u201c (Ortsgruppen) in Deutschland verbindet kreative Erlebnisp\u00e4dagogik in und mit der Natur [&hellip;]","og_url":"https:\/\/www.anskar.de\/marburg\/royal-rangers\/","og_site_name":"Anskar-Kirche Marburg","article_modified_time":"2017-11-30T22:17:27+00:00","twitter_card":"summary_large_image","twitter_misc":{"Gesch\u00e4tzte Lesezeit":"1\u00a0Minute"},"schema":{"@context":"https:\/\/schema.org","@graph":[{"@type":"WebPage","@id":"https:\/\/www.anskar.de\/marburg\/royal-rangers\/","url":"https:\/\/www.anskar.de\/marburg\/royal-rangers\/","name":"Royal Rangers - Anskar-Kirche Marburg","isPartOf":{"@id":"https:\/\/www.anskar.de\/marburg\/#website"},"datePublished":"2017-10-10T22:37:50+00:00","dateModified":"2017-11-30T22:17:27+00:00","breadcrumb":{"@id":"https:\/\/www.anskar.de\/marburg\/royal-rangers\/#breadcrumb"},"inLanguage":"de","potentialAction":[{"@type":"ReadAction","target":["https:\/\/www.anskar.de\/marburg\/royal-rangers\/"]}]},{"@type":"BreadcrumbList","@id":"https:\/\/www.anskar.de\/marburg\/royal-rangers\/#breadcrumb","itemListElement":[{"@type":"ListItem","position":1,"name":"Startseite","item":"https:\/\/www.anskar.de\/marburg\/"},{"@type":"ListItem","position":2,"name":"Royal Rangers"}]},{"@type":"WebSite","@id":"https:\/\/www.anskar.de\/marburg\/#website","url":"https:\/\/www.anskar.de\/marburg\/","name":"Anskar-Kirche Marburg","description":"Internationale Gemeinde","potentialAction":[{"@type":"SearchAction","target":{"@type":"EntryPoint","urlTemplate":"https:\/\/www.anskar.de\/marburg\/?s={search_term_string}"},"query-input":{"@type":"PropertyValueSpecification","valueRequired":true,"valueName":"search_term_string"}}],"inLanguage":"de"}]}},"_links":{"self":[{"href":"https:\/\/www.anskar.de\/marburg\/wp-json\/wp\/v2\/pages\/2638","targetHints":{"allow":["GET"]}}],"collection":[{"href":"https:\/\/www.anskar.de\/marburg\/wp-json\/wp\/v2\/pages"}],"about":[{"href":"https:\/\/www.anskar.de\/marburg\/wp-json\/wp\/v2\/types\/page"}],"author":[{"embeddable":true,"href":"https:\/\/www.anskar.de\/marburg\/wp-json\/wp\/v2\/users\/3"}],"replies":[{"embeddable":true,"href":"https:\/\/www.anskar.de\/marburg\/wp-json\/wp\/v2\/comments?post=2638"}],"version-history":[{"count":10,"href":"https:\/\/www.anskar.de\/marburg\/wp-json\/wp\/v2\/pages\/2638\/revisions"}],"predecessor-version":[{"id":2965,"href":"https:\/\/www.anskar.de\/marburg\/wp-json\/wp\/v2\/pages\/2638\/revisions\/2965"}],"wp:attachment":[{"href":"https:\/\/www.anskar.de\/marburg\/wp-json\/wp\/v2\/media?parent=2638"}],"curies":[{"name":"wp","href":"https:\/\/api.w.org\/{rel}","templated":true}]}}