{"id":2829,"date":"2017-10-11T17:37:13","date_gmt":"2017-10-11T15:37:13","guid":{"rendered":"https:\/\/www.anskar.de\/marburg\/?page_id=2829"},"modified":"2025-08-08T19:33:05","modified_gmt":"2025-08-08T17:33:05","slug":"gemeindevision","status":"publish","type":"page","link":"https:\/\/www.anskar.de\/marburg\/gemeindevision\/","title":{"rendered":"Gemeindevision"},"content":{"rendered":"<p>[et_pb_section fb_built=&#8220;1&#8243; fullwidth=&#8220;on&#8220; _builder_version=&#8220;4.16&#8243; global_colors_info=&#8220;{}&#8220;][et_pb_fullwidth_slider _builder_version=&#8220;4.16&#8243; custom_padding=&#8220;150px||150px|&#8220; custom_padding_tablet=&#8220;|||&#8220; custom_padding_phone=&#8220;|||&#8220; box_shadow_style=&#8220;preset6&#8243; box_shadow_blur=&#8220;10px&#8220; box_shadow_color=&#8220;rgba(0,0,0,0.1)&#8220; top_padding=&#8220;150px&#8220; bottom_padding=&#8220;150px&#8220; show_inner_shadow=&#8220;on&#8220; global_colors_info=&#8220;{}&#8220; button_text_size__hover_enabled=&#8220;off&#8220; button_one_text_size__hover_enabled=&#8220;off&#8220; button_two_text_size__hover_enabled=&#8220;off&#8220; button_text_color__hover_enabled=&#8220;off&#8220; button_one_text_color__hover_enabled=&#8220;off&#8220; button_two_text_color__hover_enabled=&#8220;off&#8220; button_border_width__hover_enabled=&#8220;off&#8220; button_one_border_width__hover_enabled=&#8220;off&#8220; button_two_border_width__hover_enabled=&#8220;off&#8220; button_border_color__hover_enabled=&#8220;off&#8220; button_one_border_color__hover_enabled=&#8220;off&#8220; button_two_border_color__hover_enabled=&#8220;off&#8220; button_border_radius__hover_enabled=&#8220;off&#8220; button_one_border_radius__hover_enabled=&#8220;off&#8220; button_two_border_radius__hover_enabled=&#8220;off&#8220; button_letter_spacing__hover_enabled=&#8220;off&#8220; button_one_letter_spacing__hover_enabled=&#8220;off&#8220; button_two_letter_spacing__hover_enabled=&#8220;off&#8220; button_bg_color__hover_enabled=&#8220;off&#8220; button_one_bg_color__hover_enabled=&#8220;off&#8220; button_two_bg_color__hover_enabled=&#8220;off&#8220;][et_pb_slide heading=&#8220;Unsere Gemeindevision&#8220; _builder_version=&#8220;4.16&#8243; background_color=&#8220;#ffffff&#8220; background_image=&#8220;https:\/\/www.anskar.de\/marburg\/wp-content\/uploads\/sites\/4\/2017\/10\/binocular-1698658_640.jpg&#8220; global_colors_info=&#8220;{}&#8220; button_text_size__hover_enabled=&#8220;off&#8220; button_one_text_size__hover_enabled=&#8220;off&#8220; button_two_text_size__hover_enabled=&#8220;off&#8220; button_text_color__hover_enabled=&#8220;off&#8220; button_one_text_color__hover_enabled=&#8220;off&#8220; button_two_text_color__hover_enabled=&#8220;off&#8220; button_border_width__hover_enabled=&#8220;off&#8220; button_one_border_width__hover_enabled=&#8220;off&#8220; button_two_border_width__hover_enabled=&#8220;off&#8220; button_border_color__hover_enabled=&#8220;off&#8220; button_one_border_color__hover_enabled=&#8220;off&#8220; button_two_border_color__hover_enabled=&#8220;off&#8220; button_border_radius__hover_enabled=&#8220;off&#8220; button_one_border_radius__hover_enabled=&#8220;off&#8220; button_two_border_radius__hover_enabled=&#8220;off&#8220; button_letter_spacing__hover_enabled=&#8220;off&#8220; button_one_letter_spacing__hover_enabled=&#8220;off&#8220; button_two_letter_spacing__hover_enabled=&#8220;off&#8220; button_bg_color__hover_enabled=&#8220;off&#8220; button_one_bg_color__hover_enabled=&#8220;off&#8220; button_two_bg_color__hover_enabled=&#8220;off&#8220; sticky_transition=&#8220;on&#8220;][\/et_pb_slide][\/et_pb_fullwidth_slider][\/et_pb_section][et_pb_section fb_built=&#8220;1&#8243; _builder_version=&#8220;4.16&#8243; global_colors_info=&#8220;{}&#8220;][et_pb_row _builder_version=&#8220;4.16&#8243; global_colors_info=&#8220;{}&#8220;][et_pb_column type=&#8220;4_4&#8243; _builder_version=&#8220;4.16&#8243; custom_padding=&#8220;|||&#8220; global_colors_info=&#8220;{}&#8220; custom_padding__hover=&#8220;|||&#8220;][et_pb_text _builder_version=&#8220;4.18.0&#8243; hover_enabled=&#8220;0&#8243; global_colors_info=&#8220;{}&#8220; sticky_enabled=&#8220;0&#8243;]<\/p>\n<h3>Unser Auftrag<\/h3>\n<p><em>Grundlegend ist unser Auftrag von der Bibel her klar und f\u00fcr jede Kirche identisch: Gott lieben, Menschen lieben, Menschen zu J\u00fcngern machen. Wir fragen: Wie sieht dieser Auftrag spezifisch f\u00fcr die Anskar-Kirche Marburg aus?<\/em><\/p>\n<p><em><\/em><\/p>\n<h4><strong>Angenommen. Vers\u00f6hnt. Hoffnungsvoll.<\/strong><\/h4>\n<p>Wir sind eine Kirche, in der vielf\u00e4ltige Menschen <strong>in Gottes Gegenwart Annahme erfahren<\/strong>,<br \/><strong>in vers\u00f6hnten Beziehungen wachsen<\/strong><br \/>und <strong>zu Hoffnungstr\u00e4gern f\u00fcr Marburg und dar\u00fcber hinaus werden<\/strong>.<\/p>\n<p>&nbsp;<\/p>\n<h3>Werte &amp; Kultur &#8211; unsere High 5<\/h3>\n<p><em>Wir formulieren f\u00fcnf Werte \u2013 sie beschreiben, wie wir unseren Auftrag erf\u00fcllen. Dazu haben wir jeweils mehrere Punkte formuliert, die beschreiben, welche Frucht aus dieser Kultur wachsen soll \u2013 wie sieht das praktisch im Alltag unserer Mitglieder aus? Woran kann man diesen Wert ablesen?<\/em><\/p>\n<p><em><\/em><\/p>\n<h4><strong>1. Wir sind Liebende.<\/strong><\/h4>\n<blockquote>\n<p>Alles, was ihr sagt und tut, soll im Namen des Herrn Jesus geschehen. Dankt dabei Gott, dem Vater, durch ihn. Kolosser 3,17<\/p>\n<\/blockquote>\n<p>Jesus Christus hat uns zuerst geliebt \u2013 darum lieben wir ihn und richten unser ganzes Leben und alles, was wir tun, auf ihn aus.<\/p>\n<ul>\n<li>Wir laden Jesus bewusst immer wieder als Herrn in jeden Bereich unseres Lebens ein und bitten ihn, uns zu leiten.<\/li>\n<li>Wir erlauben Jesus, durch die Bibel mit Ermutigung und Korrektur in unser Leben hineinzusprechen.<\/li>\n<li>Wir \u00fcben uns darin, am Verhalten anderer keinen Ansto\u00df zu nehmen und anderen auch keinen Ansto\u00df durch unser Verhalten zu geben.<\/li>\n<\/ul>\n<p><em><strong>\u00a0<\/strong><\/em><\/p>\n<h4><strong>2. Wir sind Anbetende. <\/strong><\/h4>\n<blockquote>\n<p>Ein Tag in deinen Vorh\u00f6fen ist besser als sonst tausend. Psalm 84,11<\/p>\n<\/blockquote>\n<p>Jesus Christus l\u00e4dt uns ein in seine Gegenwart \u2013 darum sehnen wir uns nach mehr von ihm.<\/p>\n<ul>\n<li>Wir nehmen uns regelm\u00e4\u00dfig Zeit f\u00fcr die Begegnung mit Gott \u2013 allein und mit anderen.<\/li>\n<li>Wir singen gerne f\u00fcr Jesus.<\/li>\n<li>Wir lassen uns auf neue Wege ein, Gott zu erleben.<\/li>\n<li>In allen unseren Treffen geben wir dem Reden und Wirken Gottes Raum.<\/li>\n<\/ul>\n<p>&nbsp;<\/p>\n<h4><strong>3. Wir sind Hoffnungsbringer.<\/strong><\/h4>\n<blockquote>\n<p>Seid jederzeit bereit, jedem Rede und Antwort zu stehen, der euch auffordert, Auskunft \u00fcber die Hoffnung zu geben, die euch erf\u00fcllt. 1Petrus 3,15<\/p>\n<\/blockquote>\n<p>Jesus Christus gibt unserem Leben Hoffnung \u2013 darum erz\u00e4hlen wir von dieser Hoffnung weiter.<\/p>\n<ul>\n<li>Wir pflegen die pers\u00f6nliche Beziehung zu (mindestens) einem Hoffnungsfreund in Marburg.<\/li>\n<li>Wir lernen, in den verschiedensten Lebenssituationen auf Jesus hinzuweisen.<\/li>\n<li>Wir investieren uns regelm\u00e4\u00dfig in unsere Hoffnungsfreunde und beten f\u00fcr sie.<\/li>\n<li>Einmal im Jahr laden wir unsere Hoffnungsfreunde zu einem passenden Gemeindeangebot ein.<\/li>\n<\/ul>\n<p>&nbsp;<\/p>\n<h4><strong>4. Wir sind Br\u00fcckenbauer.<\/strong><\/h4>\n<blockquote>\n<p>Und es werden kommen von Osten und von Westen, von Norden und von S\u00fcden, die zu Tisch sitzen werden im Reich Gottes. Lukas 13,29<\/p>\n<\/blockquote>\n<p>Jesus Christus hat uns als vielf\u00e4ltige Menschen zusammengebracht \u2013 darum wollen wir uns immer neu in Menschen investieren, die anders sind als wir.<\/p>\n<ul>\n<li>Wir bauen Beziehungen auf zu Menschen, die anders sind als wir.<\/li>\n<li>In unseren Diensten nehmen wir uns Zeit, neben der Arbeit Beziehungen zu entwickeln.<\/li>\n<li>Wir entwickeln interkulturelle Kompetenzen.<\/li>\n<li>Wir reden konsequent positiv und wertsch\u00e4tzend \u00fcber andere.<\/li>\n<\/ul>\n<p>&nbsp;<\/p>\n<h4><strong>5. Wir sind Multiplikatoren.<\/strong><\/h4>\n<blockquote>\n<p>Ich will dich segnen, und du sollst ein Segen sein, und in dir sollen gesegnet sein alle Geschlechter auf Erden. 1Mose 12,2-3<\/p>\n<\/blockquote>\n<p>Jesus Christus schenkt uns Leben in F\u00fclle \u2013 darum engagieren wir uns f\u00fcr die Vervielf\u00e4ltigung von Jesusnachfolgern, Gruppen, Diensten und Gemeinden.<\/p>\n<ul>\n<li>Wir entdecken unsere Begabungen und Ressourcen und setzen sie f\u00fcr das ein, was Jesus in Marburg tun m\u00f6chte.<\/li>\n<li>Wir f\u00f6rdern andere darin, ihr Potenzial zu entdecken und einzusetzen.<\/li>\n<li>Wir wagen Neues und trauen anderen etwas zu.<\/li>\n<li>Wir sch\u00e4tzen den Mut, Fehler zu machen, und sehen das Potenzial, dadurch zu lernen.<\/li>\n<\/ul>\n<ul><\/ul>\n<ul><\/ul>\n<p>[\/et_pb_text][\/et_pb_column][\/et_pb_row][\/et_pb_section]<\/p>\n","protected":false},"excerpt":{"rendered":"<p>Unser Auftrag Grundlegend ist unser Auftrag von der Bibel her klar und f\u00fcr jede Kirche identisch: Gott lieben, Menschen lieben, Menschen zu J\u00fcngern machen. Wir fragen: Wie sieht dieser Auftrag [&hellip;]<\/p>\n","protected":false},"author":3,"featured_media":0,"parent":0,"menu_order":0,"comment_status":"closed","ping_status":"closed","template":"","meta":{"_et_pb_use_builder":"on","_et_pb_old_content":"","_et_gb_content_width":"","footnotes":""},"class_list":["post-2829","page","type-page","status-publish","hentry"],"yoast_head":"<!-- This site is optimized with the Yoast SEO plugin v24.6 - https:\/\/yoast.com\/wordpress\/plugins\/seo\/ -->\n<title>Gemeindevision - Anskar-Kirche Marburg<\/title>\n<meta name=\"robots\" content=\"index, follow, max-snippet:-1, max-image-preview:large, max-video-preview:-1\" \/>\n<link rel=\"canonical\" href=\"https:\/\/www.anskar.de\/marburg\/gemeindevision\/\" \/>\n<meta property=\"og:locale\" content=\"de_DE\" \/>\n<meta property=\"og:type\" content=\"article\" \/>\n<meta property=\"og:title\" content=\"Gemeindevision - Anskar-Kirche Marburg\" \/>\n<meta property=\"og:description\" content=\"Unser Auftrag Grundlegend ist unser Auftrag von der Bibel her klar und f\u00fcr jede Kirche identisch: Gott lieben, Menschen lieben, Menschen zu J\u00fcngern machen. Wir fragen: Wie sieht dieser Auftrag [&hellip;]\" \/>\n<meta property=\"og:url\" content=\"https:\/\/www.anskar.de\/marburg\/gemeindevision\/\" \/>\n<meta property=\"og:site_name\" content=\"Anskar-Kirche Marburg\" \/>\n<meta property=\"article:modified_time\" content=\"2025-08-08T17:33:05+00:00\" \/>\n<meta name=\"twitter:card\" content=\"summary_large_image\" \/>\n<meta name=\"twitter:label1\" content=\"Gesch\u00e4tzte Lesezeit\" \/>\n\t<meta name=\"twitter:data1\" content=\"5\u00a0Minuten\" \/>\n<script type=\"application\/ld+json\" class=\"yoast-schema-graph\">{\"@context\":\"https:\/\/schema.org\",\"@graph\":[{\"@type\":\"WebPage\",\"@id\":\"https:\/\/www.anskar.de\/marburg\/gemeindevision\/\",\"url\":\"https:\/\/www.anskar.de\/marburg\/gemeindevision\/\",\"name\":\"Gemeindevision - Anskar-Kirche Marburg\",\"isPartOf\":{\"@id\":\"https:\/\/www.anskar.de\/marburg\/#website\"},\"datePublished\":\"2017-10-11T15:37:13+00:00\",\"dateModified\":\"2025-08-08T17:33:05+00:00\",\"breadcrumb\":{\"@id\":\"https:\/\/www.anskar.de\/marburg\/gemeindevision\/#breadcrumb\"},\"inLanguage\":\"de\",\"potentialAction\":[{\"@type\":\"ReadAction\",\"target\":[\"https:\/\/www.anskar.de\/marburg\/gemeindevision\/\"]}]},{\"@type\":\"BreadcrumbList\",\"@id\":\"https:\/\/www.anskar.de\/marburg\/gemeindevision\/#breadcrumb\",\"itemListElement\":[{\"@type\":\"ListItem\",\"position\":1,\"name\":\"Startseite\",\"item\":\"https:\/\/www.anskar.de\/marburg\/\"},{\"@type\":\"ListItem\",\"position\":2,\"name\":\"Gemeindevision\"}]},{\"@type\":\"WebSite\",\"@id\":\"https:\/\/www.anskar.de\/marburg\/#website\",\"url\":\"https:\/\/www.anskar.de\/marburg\/\",\"name\":\"Anskar-Kirche Marburg\",\"description\":\"Internationale Gemeinde\",\"potentialAction\":[{\"@type\":\"SearchAction\",\"target\":{\"@type\":\"EntryPoint\",\"urlTemplate\":\"https:\/\/www.anskar.de\/marburg\/?s={search_term_string}\"},\"query-input\":{\"@type\":\"PropertyValueSpecification\",\"valueRequired\":true,\"valueName\":\"search_term_string\"}}],\"inLanguage\":\"de\"}]}<\/script>\n<!-- \/ Yoast SEO plugin. -->","yoast_head_json":{"title":"Gemeindevision - Anskar-Kirche Marburg","robots":{"index":"index","follow":"follow","max-snippet":"max-snippet:-1","max-image-preview":"max-image-preview:large","max-video-preview":"max-video-preview:-1"},"canonical":"https:\/\/www.anskar.de\/marburg\/gemeindevision\/","og_locale":"de_DE","og_type":"article","og_title":"Gemeindevision - Anskar-Kirche Marburg","og_description":"Unser Auftrag Grundlegend ist unser Auftrag von der Bibel her klar und f\u00fcr jede Kirche identisch: Gott lieben, Menschen lieben, Menschen zu J\u00fcngern machen. Wir fragen: Wie sieht dieser Auftrag [&hellip;]","og_url":"https:\/\/www.anskar.de\/marburg\/gemeindevision\/","og_site_name":"Anskar-Kirche Marburg","article_modified_time":"2025-08-08T17:33:05+00:00","twitter_card":"summary_large_image","twitter_misc":{"Gesch\u00e4tzte Lesezeit":"5\u00a0Minuten"},"schema":{"@context":"https:\/\/schema.org","@graph":[{"@type":"WebPage","@id":"https:\/\/www.anskar.de\/marburg\/gemeindevision\/","url":"https:\/\/www.anskar.de\/marburg\/gemeindevision\/","name":"Gemeindevision - Anskar-Kirche Marburg","isPartOf":{"@id":"https:\/\/www.anskar.de\/marburg\/#website"},"datePublished":"2017-10-11T15:37:13+00:00","dateModified":"2025-08-08T17:33:05+00:00","breadcrumb":{"@id":"https:\/\/www.anskar.de\/marburg\/gemeindevision\/#breadcrumb"},"inLanguage":"de","potentialAction":[{"@type":"ReadAction","target":["https:\/\/www.anskar.de\/marburg\/gemeindevision\/"]}]},{"@type":"BreadcrumbList","@id":"https:\/\/www.anskar.de\/marburg\/gemeindevision\/#breadcrumb","itemListElement":[{"@type":"ListItem","position":1,"name":"Startseite","item":"https:\/\/www.anskar.de\/marburg\/"},{"@type":"ListItem","position":2,"name":"Gemeindevision"}]},{"@type":"WebSite","@id":"https:\/\/www.anskar.de\/marburg\/#website","url":"https:\/\/www.anskar.de\/marburg\/","name":"Anskar-Kirche Marburg","description":"Internationale Gemeinde","potentialAction":[{"@type":"SearchAction","target":{"@type":"EntryPoint","urlTemplate":"https:\/\/www.anskar.de\/marburg\/?s={search_term_string}"},"query-input":{"@type":"PropertyValueSpecification","valueRequired":true,"valueName":"search_term_string"}}],"inLanguage":"de"}]}},"_links":{"self":[{"href":"https:\/\/www.anskar.de\/marburg\/wp-json\/wp\/v2\/pages\/2829","targetHints":{"allow":["GET"]}}],"collection":[{"href":"https:\/\/www.anskar.de\/marburg\/wp-json\/wp\/v2\/pages"}],"about":[{"href":"https:\/\/www.anskar.de\/marburg\/wp-json\/wp\/v2\/types\/page"}],"author":[{"embeddable":true,"href":"https:\/\/www.anskar.de\/marburg\/wp-json\/wp\/v2\/users\/3"}],"replies":[{"embeddable":true,"href":"https:\/\/www.anskar.de\/marburg\/wp-json\/wp\/v2\/comments?post=2829"}],"version-history":[{"count":5,"href":"https:\/\/www.anskar.de\/marburg\/wp-json\/wp\/v2\/pages\/2829\/revisions"}],"predecessor-version":[{"id":4306,"href":"https:\/\/www.anskar.de\/marburg\/wp-json\/wp\/v2\/pages\/2829\/revisions\/4306"}],"wp:attachment":[{"href":"https:\/\/www.anskar.de\/marburg\/wp-json\/wp\/v2\/media?parent=2829"}],"curies":[{"name":"wp","href":"https:\/\/api.w.org\/{rel}","templated":true}]}}