{"id":3063,"date":"2018-05-23T22:14:46","date_gmt":"2018-05-23T20:14:46","guid":{"rendered":"https:\/\/www.anskar.de\/marburg\/?page_id=3063"},"modified":"2018-05-25T23:30:59","modified_gmt":"2018-05-25T21:30:59","slug":"datenschutz","status":"publish","type":"page","link":"https:\/\/www.anskar.de\/marburg\/datenschutz\/","title":{"rendered":"Datenschutz"},"content":{"rendered":"<p>[et_pb_section fb_built=&#8220;1&#8243; fullwidth=&#8220;on&#8220; _builder_version=&#8220;3.0.60&#8243;][et_pb_fullwidth_slider top_padding=&#8220;150px&#8220; bottom_padding=&#8220;150px&#8220; _builder_version=&#8220;3.0.60&#8243;][et_pb_slide heading=&#8220;Datenschutz&#8220; background_image=&#8220;https:\/\/www.anskar.de\/marburg\/wp-content\/uploads\/sites\/4\/2018\/05\/storage-1209059_1920.jpg&#8220; parallax=&#8220;on&#8220; _builder_version=&#8220;3.0.60&#8243;][\/et_pb_slide][\/et_pb_fullwidth_slider][\/et_pb_section][et_pb_section fb_built=&#8220;1&#8243; _builder_version=&#8220;3.0.47&#8243;][et_pb_row _builder_version=&#8220;3.0.47&#8243; background_size=&#8220;initial&#8220; background_position=&#8220;top_left&#8220; background_repeat=&#8220;repeat&#8220;][et_pb_column type=&#8220;1_2&#8243; _builder_version=&#8220;3.0.60&#8243; parallax=&#8220;off&#8220; parallax_method=&#8220;on&#8220;][et_pb_text _builder_version=&#8220;3.0.60&#8243;]<\/p>\n<h3>Datenschutzerkl\u00e4rung<\/h3>\n<\/p>\n<\/p>\n<\/p>\n<\/p>\n<\/p>\n<h4>Personenbezogene Daten<\/h4>\n<\/p>\n<\/p>\n<\/p>\n<\/p>\n<\/p>\n<p>Personenbezogene Daten sind Informationen zu Ihrer Person. Dies sind z.B. Ihr Name, Adresse, Telefonnummer oder auch die E-Mail-Adresse, aber auch Daten wie z. B. Ihr Aufenthaltsort, Ihre IP-Adresse oder Bankdaten.<\/p>\n<\/p>\n<\/p>\n<\/p>\n<\/p>\n<\/p>\n<h4>Nutzungsdaten<\/h4>\n<\/p>\n<\/p>\n<\/p>\n<\/p>\n<\/p>\n<p>Sobald Sie auf diese Webseite zugreifen, speichert der der Host-Server \u00a0(derzeit 1&amp;1 Internet SE, Elgendorfer Str. 57, 56410 Montabaur) folgende Daten:\u00a0Datum und Uhrzeit des Zugriffs,\u00a0URL der verweisenden Webseite,\u00a0abgerufene Datei,\u00a0Menge der gesendeten Daten,\u00a0Browsertyp und -version,\u00a0Betriebssystem sowie Ihre\u00a0IP-Adresse.\u00a0<\/p>\n<\/p>\n<\/p>\n<\/p>\n<\/p>\n<p>Die Speicherdauer der Daten betr\u00e4gt 7 Tage.\u00a0N\u00e4heres k\u00f6nnen Sie der <a href=\"https:\/\/hosting.1und1.de\/terms-gtc\/terms-privacy\/\" target=\"_blank\" rel=\"noopener noreferrer\">Datenschutzerkl\u00e4rung der 1&amp;1 Internet SE<\/a> entnehmen.<\/p>\n<\/p>\n<\/p>\n<\/p>\n<\/p>\n<\/p>\n<p>Eine Zuordnung dieser Daten zu einer bestimmten Person ist nicht m\u00f6glich. Die Daten enthalten keinerlei Informationen, die R\u00fcckschl\u00fcsse auf Einzelpersonen zulassen. Sie werden ausschlie\u00dflich zu statistischen Zwecken sowie zu Analysezwecken verwendet und im Anschluss gel\u00f6scht.<\/p>\n<\/p>\n<\/p>\n<\/p>\n<\/p>\n<\/p>\n<h4>Kontaktfeld<\/h4>\n<\/p>\n<\/p>\n<\/p>\n<\/p>\n<\/p>\n<p>F\u00fcr die Nutzung dieser Internetseite ist es nicht erforderlich, dass Sie personenbezogene Daten preisgeben m\u00fcssen. Nutzen Sie die M\u00f6glichkeit zur Kontaktaufnahme, ben\u00f6tigen wir eine E-Mail-Adresse (siehe unten).<\/p>\n<\/p>\n<\/p>\n<\/p>\n<\/p>\n<\/p>\n<p>Nehmen Sie mit uns Kontakt auf, werden die von Ihnen zur Verf\u00fcgung gestellten personenbezogenen Daten verwendet, um Ihre Anfrage zu beantworten und ggf. Zugang zu bestimmten Informationen oder Angeboten zu verschaffen. Die an uns \u00fcbermittelten Daten nutzen wir ausschlie\u00dflich f\u00fcr diesen Zweck. Wir speichern die \u00fcbermittelten Daten, um ggf. Anschlussfragen beantworten zu k\u00f6nnen. Der Datenspeicherung k\u00f6nnen Sie jederzeit kostenlos widersprechen. Die Daten werden nicht an Dritte \u00fcbermittelt. Wir weisen darauf hin, dass die Daten\u00fcbermittlung \u00fcber das Internet Sicherheitsl\u00fccken aufweisen kann. Ein l\u00fcckenloser Schutz der Daten vor dem Zugriff Dritter ist nicht m\u00f6glich.<\/p>\n<\/p>\n<\/p>\n<\/p>\n<\/p>\n<\/p>\n<h4>Newsletter<\/h4>\n<\/p>\n<\/p>\n<\/p>\n<\/p>\n<\/p>\n<p>Melden Sie sich f\u00fcr den Empfang unseres Newsletters an, speichern wir Ihre Daten bis zu Ihrem Widerruf \u2013 Sie k\u00f6nnen sich jederzeit kostenlos abmelden bzw. der weiteren Nutzung widersprechen. Ihre E-Mail-Adresse wird ausschlie\u00dflich f\u00fcr den Versand des Newsletters genutzt und nicht an Dritte weitergegeben. \u00a0<\/p>\n<\/p>\n<\/p>\n<\/p>\n<\/p>\n<\/p>\n<p><span class=\"ts-muster-content\">Der Versand der Newsletter erfolgt mittels des Versanddienstleisters \u201eMailChimp\u201c, einer Newsletterversandplattform des US-Anbieters Rocket Science Group, LLC, 675 Ponce De Leon Ave NE #5000, Atlanta, GA 30308, USA. Die Datenschutzbestimmungen des Versanddienstleisters k\u00f6nnen Sie hier einsehen:<span>\u00a0<\/span><a href=\"https:\/\/mailchimp.com\/legal\/privacy\/\" target=\"_blank\" rel=\"noopener noreferrer\">https:\/\/mailchimp.com\/legal\/privacy\/<\/a>. The Rocket Science Group LLC d\/b\/a MailChimp ist unter dem Privacy-Shield-Abkommen zertifiziert und bietet hierdurch eine Garantie, das europ\u00e4isches Datenschutzniveau einzuhalten (<a href=\"https:\/\/www.privacyshield.gov\/participant?id=a2zt0000000TO6hAAG&amp;status=Active\" target=\"_blank\" rel=\"noopener noreferrer\">https:\/\/www.privacyshield.gov\/participant?id=a2zt0000000TO6hAAG&amp;status=Active<\/a>). Der Versanddienstleister wird auf Grundlage unserer berechtigten Interessen gem. Art.<span>\u00a0<\/span><a href=\"https:\/\/dejure.org\/gesetze\/DSGVO\/6.html\" title=\"Art. 6 DSGVO: Rechtm\u00e4\u00dfigkeit der Verarbeitung\">6<\/a><span>\u00a0<\/span>Abs. 1 lit. f DSGVO und eines Auftragsverarbeitungsvertrages gem. Art.<span>\u00a0<\/span><a href=\"https:\/\/dejure.org\/gesetze\/DSGVO\/28.html\" title=\"Art. 28 DSGVO: Auftragsverarbeiter\">28<\/a><span>\u00a0<\/span>Abs. 3 S. 1 DSGVO eingesetzt.<\/span><\/p>\n<\/p>\n<\/p>\n<\/p>\n<\/p>\n<p>Der Versanddienstleister kann die Daten der Empf\u00e4nger in pseudonymer Form, d.h. ohne Zuordnung zu einem Nutzer, zur Optimierung oder Verbesserung der eigenen Services nutzen, z.B. zur technischen Optimierung des Versandes und der Darstellung der Newsletter oder f\u00fcr statistische Zwecke verwenden. Der Versanddienstleister nutzt die Daten unserer Newsletterempf\u00e4nger jedoch nicht, um diese selbst anzuschreiben oder um die Daten an Dritte weiterzugeben.<\/p>\n<\/p>\n<\/p>\n<\/p>\n<\/p>\n<p><span class=\"ts-muster-content\">Die Newsletter enthalten einen sog. \u201eweb-beacon\u201c, d.h. eine pixelgro\u00dfe Datei, die beim \u00d6ffnen des Newsletters von unserem Server, bzw. sofern wir einen Versanddienstleister einsetzen, von dessen Server abgerufen wird. Im Rahmen dieses Abrufs werden zun\u00e4chst technische Informationen, wie Informationen zum Browser und Ihrem System, als auch Ihre IP-Adresse und Zeitpunkt des Abrufs erhoben.<\/span><\/p>\n<\/p>\n<\/p>\n<\/p>\n<p>Diese Informationen werden zur technischen Verbesserung der Services anhand der technischen Daten oder der Zielgruppen und ihres Leseverhaltens anhand derer Abruforte (die mit Hilfe der IP-Adresse bestimmbar sind) oder der Zugriffszeiten genutzt. Zu den statistischen Erhebungen geh\u00f6rt ebenfalls die Feststellung, ob die Newsletter ge\u00f6ffnet werden, wann sie ge\u00f6ffnet werden und welche Links geklickt werden. Diese Informationen k\u00f6nnen aus technischen Gr\u00fcnden zwar den einzelnen Newsletterempf\u00e4ngern zugeordnet werden. Es ist jedoch weder unser Bestreben, noch, sofern eingesetzt, das des Versanddienstleisters, einzelne Nutzer zu beobachten. Die Auswertungen dienen uns viel mehr dazu, die Lesegewohnheiten unserer Nutzer zu erkennen und unsere Inhalte auf sie anzupassen oder unterschiedliche Inhalte entsprechend den Interessen unserer Nutzer zu versenden.<\/p>\n<\/p>\n<\/p>\n<\/p>\n<\/p>\n<p>In der Newsletter-E-Mail befinden sich eventuell Links auf Grafiken, welche beim \u00d6ffnen des Newsletters von Ihrem E-Mail Programm von unserem Server geladen werden. Anhand dieses Nachladens k\u00f6nnen wir erkennen, ob und wann der Newsletter durch Sie ge\u00f6ffnet wurde. Beim Klick auf den Link \u201eim Browser anzeigen \u2026\u201c im Newsletter rufen Sie den entsprechenden Artikel in Ihrem Browser auf. Auch das Aufrufen eines Newsletter-Artikels im Browser wird durch uns verarbeitet. Wir nutzen diese Nutzungsdaten, um das Leserinteresse zu den einzelnen Artikeln auszuwerten. Wenn Sie die Zuordnung dieser Funktion zu Ihrer Person vermeiden wollen, k\u00f6nnen Sie in dem Anmeldefeld \u201eName\u201c ein Pseudonym w\u00e4hlen, Sie sollten dann eine gesonderte E-Mailadresse nutzen, die keine R\u00fcckschl\u00fcsse auf Ihre Person zul\u00e4sst.<\/p>\n<\/p>\n<\/p>\n<\/p>\n<\/p>\n<p>[\/et_pb_text][\/et_pb_column][et_pb_column type=&#8220;1_2&#8243; _builder_version=&#8220;3.0.60&#8243; parallax=&#8220;off&#8220; parallax_method=&#8220;on&#8220;][et_pb_text _builder_version=&#8220;3.0.60&#8243;]<\/p>\n<h4>Verschl\u00fcsselte \u00dcbertragung<\/h4>\n<\/p>\n<p>Die Daten, die Sie uns \u00fcbermitteln, werden verschl\u00fcsselt an uns \u00fcbertragen, so dass diese vor der Einsichtnahme durch Dritte gesch\u00fctzt sind. Wir weisen darauf hin, dass die Daten\u00fcbermittlung \u00fcber das Internet Sicherheitsl\u00fccken aufweisen kann. Ein l\u00fcckenloser Schutz der Daten vor dem Zugriff Dritter ist nicht m\u00f6glich.<\/p>\n<h4>Nutzung von Cookies<\/h4>\n<p>Cookies sind kleine Textdateien, die auf Ihrem Rechner gespeichert werden. Dabei werden keinerlei pers\u00f6nliche Daten des Besuchers gespeichert, sondern lediglich ein extra f\u00fcr Sie erzeugtes Pseudonym. Diese Dateien enthalten Informationen dar\u00fcber, wie Sie diese Webseite und das Internet nutzen. Cookies erlauben es, Sie beim n\u00e4chsten Besuch dieser Webseite als einen Nutzer zu identifizieren. Mit diesen Informationen wird die Nutzung dieser Seiten f\u00fcr Sie komfortabler gestaltet. Sie haben die M\u00f6glichkeit, das Abspeichern von Cookies auf Ihrem Computer durch eine Einstellung Ihres Browsers zu unterbinden. Dieses f\u00fchrt u.U. zu einer Einschr\u00e4nkung der Funktionalit\u00e4t, u.a. erscheint dann die Cookie-Meldung bei jedem Seitenaufruf. Bitte beachten Sie, dass durch das Unterbinden von Cookies bereits gespeicherte Cookies nicht automatisch gel\u00f6scht werden. Dies k\u00f6nnen Sie manuell in den Einstellungen Ihres Browsers vornehmen, bitte konsultieren Sie ggf. die Hilfe-Funktion Ihres Browsers.<\/p>\n<h4>Nutzung von Google Maps<\/h4>\n<p>Wir nutzen auf unserer Webseite Funktionen von Google Maps. Google Maps ist ein Dienst, welcher von der Google Inc., 1600 Amphitheatre Parkway, Mountain View, CA 94043, USA betrieben wird. Wenn Sie eine unserer Seiten, welche Google Maps enthalten, aufrufen, wird bereits beim Seitenaufbau eine Verbindung zu den Servern von Google hergestellt. Diese erfahren dabei neben Ihrer IP-Adresse auch, auf welcher unserer Seiten Sie sich gerade befinden.<\/p>\n<p>Wenn Sie in Ihrem Google-Account eingeloggt sind, kann Google diese Daten mit Ihrem Profil zusammenf\u00fchren. Weitere Kenntnis bez\u00fcglich der \u00fcbermittelten Daten oder deren Nutzung durch Google haben wir nicht. N\u00e4heres hierzu k\u00f6nnen Sie der <a href=\"https:\/\/policies.google.com\/privacy\/update?hl=de\" target=\"_blank\" rel=\"noopener noreferrer\">Datenschutzerkl\u00e4rung von Google<\/a> entnehmen.<\/p>\n<h4>Widerrufsrecht<\/h4>\n<p>Sie haben das Recht, eine erteilte Einwilligung in die Erhebung und Verwendung personenbezogener Daten mit Wirkung f\u00fcr die Zukunft jederzeit zu widerrufen. Sie k\u00f6nnen sich hierf\u00fcr per Post oder per E-Mail \u00fcber die im <a href=\"https:\/\/www.anskar.de\/marburg\/impressum-2\/\">Impressum<\/a> genannte Adresse an uns wenden.<\/p>\n<h4>Auskunftsrecht<\/h4>\n<p>Sie haben das Recht, unentgeltlich Auskunft \u00fcber die zu Ihrer Person oder zu Ihrem Pseudonym gespeicherten Daten zu verlangen. Auf Ihr Verlangen kann die Auskunft auch elektronisch erteilt werden. Sie k\u00f6nnen sich hierf\u00fcr per Post oder per E-Mail \u00fcber die im <a href=\"https:\/\/www.anskar.de\/marburg\/impressum-2\/\">Impressum<\/a> genannte Adresse an uns wenden.<\/p>\n<h4>Berichtigung, Sperrung und L\u00f6schung der Daten<\/h4>\n<p>Sie haben ggf. das Recht, die unentgeltliche Berichtigung, Sperrung oder L\u00f6schung der Sie betreffenden personenbezogenen Daten zu verlangen.<\/p>\n<p>Die L\u00f6schung der gespeicherten personenbezogenen Daten erfolgt, wenn Sie Ihre Einwilligung zur Speicherung widerrufen, wenn ihre Kenntnis zur Erf\u00fcllung des mit der Speicherung verfolgten Zwecks nicht mehr erforderlich ist oder wenn ihre Speicherung aus sonstigen gesetzlichen Gr\u00fcnden unzul\u00e4ssig ist bzw. wird.<\/p>\n<h4>Kinder und Jugendliche unter 18 Jahren<\/h4>\n<p>Personen unter 18 Jahren sollten ohne Zustimmung der Eltern oder Erziehungsberechtigten keine personenbezogenen Daten an uns \u00fcbermitteln. Wir fordern keine personenbezogenen Daten von Kindern und Jugendlichen an, sammeln diese nicht und geben sie nicht an Dritte weiter.<\/p>\n<h4>Sicherheit, Datenschutzordnung<\/h4>\n<p>Um Ihre personenbezogenen Daten z.B. vor Verlust, Zerst\u00f6rung, Manipulation und unberechtigtem Zugriff zu sch\u00fctzen, ergreifen wir umfassende technische Ma\u00dfnahmen. Als Religionsgemeinschaft ergreifen wir zum Schutz personenbezogener Daten umfangreiche eigene Regelungen f\u00fcr den Datenschutz in einer eigenen Datenschutzordnung (Grundlage: Artikel 91 EU-DSGVO).<\/p>\n<p>Alle Personen, die Zugriff auf Daten haben, unterliegen einer Vertraulichkeitsvereinbarung.<\/p>\n<h4>\u00dcbermittlung von personenbezogenen Daten ins Ausland<\/h4>\n<p>Mit Ausnahme der o. g. \u00dcbermittlungen im Rahmen des Einsatzes von Google Maps \u00fcbermitteln wir keinerlei personenbezogene Daten ins Ausland. Standort s\u00e4mtlicher von uns betriebener und genutzter Server ist Deutschland.<\/p>\n<h4>Verantwortliche Stelle<\/h4>\n<p>Anskar-Kirche Marburg &#8211; Evangelische Freie Gemeinde e.V.<br \/>1. Vorsitzender: Pastor Alexander Hirsch<br \/>Fischteich 28, 35043 Marburg<br \/>E-Mail: <a href=\"&#x6d;a&#x69;&#108;&#x74;&#111;:&#x6d;a&#x72;&#98;&#x75;&#114;g&#x40;&#97;&#x6e;&#115;k&#x61;r&#x2e;&#100;&#x65;,\">m&#97;&#114;&#x62;&#x75;&#x72;&#x67;&#64;&#97;&#110;&#115;&#x6b;&#x61;&#x72;&#46;d&#101;,<\/a> Tel. (0 64 21) 9 48 41 86<\/p>\n<h4>Datenschutzbeauftragter<\/h4>\n<p>Datenschutzbeauftragter der Anskar-Kirche Deutschland, Vogelweide 10, 22081 Hamburg<br \/>E-Mail: <a href=\"mailto&#58;&#100;&#97;&#116;&#101;&#110;&#115;&#x63;&#x68;&#x75;&#x74;&#x7a;&#x40;&#x61;&#x6e;&#x73;&#x6b;&#x61;&#x72;&#46;de\">&#x64;&#97;&#x74;&#x65;n&#x73;&#99;h&#x75;&#116;z&#x40;&#97;&#x6e;&#x73;k&#x61;&#114;&#46;&#x64;&#101;<\/a><\/p>\n<h4>Ihre Rechte<\/h4>\n<p>Sie k\u00f6nnen bei der verantwortlichen Stelle Auskunft \u00fcber Sie gespeicherten Daten bekommen oder verlangen, dass wir die Verarbeitung Ihrer Daten einschr\u00e4nken. Sie k\u00f6nnen jederzeit Ihre Zustimmung zur Erhebung und Speicherung Ihrer personenbezogenen Daten f\u00fcr die Zukunft durch uns widerrufen.<\/p>\n<p>[\/et_pb_text][\/et_pb_column][\/et_pb_row][\/et_pb_section]<\/p>\n","protected":false},"excerpt":{"rendered":"<p>Datenschutzerkl\u00e4rung Personenbezogene Daten Personenbezogene Daten sind Informationen zu Ihrer Person. Dies sind z.B. Ihr Name, Adresse, Telefonnummer oder auch die E-Mail-Adresse, aber auch Daten wie z. B. Ihr Aufenthaltsort, Ihre [&hellip;]<\/p>\n","protected":false},"author":3,"featured_media":0,"parent":0,"menu_order":0,"comment_status":"closed","ping_status":"closed","template":"","meta":{"_et_pb_use_builder":"on","_et_pb_old_content":"","_et_gb_content_width":"","footnotes":""},"class_list":["post-3063","page","type-page","status-publish","hentry"],"yoast_head":"<!-- This site is optimized with the Yoast SEO plugin v24.6 - https:\/\/yoast.com\/wordpress\/plugins\/seo\/ -->\n<title>Datenschutz - Anskar-Kirche Marburg<\/title>\n<meta name=\"robots\" content=\"index, follow, max-snippet:-1, max-image-preview:large, max-video-preview:-1\" \/>\n<link rel=\"canonical\" href=\"https:\/\/www.anskar.de\/marburg\/datenschutz\/\" \/>\n<meta property=\"og:locale\" content=\"de_DE\" \/>\n<meta property=\"og:type\" content=\"article\" \/>\n<meta property=\"og:title\" content=\"Datenschutz - Anskar-Kirche Marburg\" \/>\n<meta property=\"og:description\" content=\"Datenschutzerkl\u00e4rung Personenbezogene Daten Personenbezogene Daten sind Informationen zu Ihrer Person. Dies sind z.B. Ihr Name, Adresse, Telefonnummer oder auch die E-Mail-Adresse, aber auch Daten wie z. B. Ihr Aufenthaltsort, Ihre [&hellip;]\" \/>\n<meta property=\"og:url\" content=\"https:\/\/www.anskar.de\/marburg\/datenschutz\/\" \/>\n<meta property=\"og:site_name\" content=\"Anskar-Kirche Marburg\" \/>\n<meta property=\"article:modified_time\" content=\"2018-05-25T21:30:59+00:00\" \/>\n<meta name=\"twitter:card\" content=\"summary_large_image\" \/>\n<meta name=\"twitter:label1\" content=\"Gesch\u00e4tzte Lesezeit\" \/>\n\t<meta name=\"twitter:data1\" content=\"8\u00a0Minuten\" \/>\n<script type=\"application\/ld+json\" class=\"yoast-schema-graph\">{\"@context\":\"https:\/\/schema.org\",\"@graph\":[{\"@type\":\"WebPage\",\"@id\":\"https:\/\/www.anskar.de\/marburg\/datenschutz\/\",\"url\":\"https:\/\/www.anskar.de\/marburg\/datenschutz\/\",\"name\":\"Datenschutz - Anskar-Kirche Marburg\",\"isPartOf\":{\"@id\":\"https:\/\/www.anskar.de\/marburg\/#website\"},\"datePublished\":\"2018-05-23T20:14:46+00:00\",\"dateModified\":\"2018-05-25T21:30:59+00:00\",\"breadcrumb\":{\"@id\":\"https:\/\/www.anskar.de\/marburg\/datenschutz\/#breadcrumb\"},\"inLanguage\":\"de\",\"potentialAction\":[{\"@type\":\"ReadAction\",\"target\":[\"https:\/\/www.anskar.de\/marburg\/datenschutz\/\"]}]},{\"@type\":\"BreadcrumbList\",\"@id\":\"https:\/\/www.anskar.de\/marburg\/datenschutz\/#breadcrumb\",\"itemListElement\":[{\"@type\":\"ListItem\",\"position\":1,\"name\":\"Startseite\",\"item\":\"https:\/\/www.anskar.de\/marburg\/\"},{\"@type\":\"ListItem\",\"position\":2,\"name\":\"Datenschutz\"}]},{\"@type\":\"WebSite\",\"@id\":\"https:\/\/www.anskar.de\/marburg\/#website\",\"url\":\"https:\/\/www.anskar.de\/marburg\/\",\"name\":\"Anskar-Kirche Marburg\",\"description\":\"Internationale Gemeinde\",\"potentialAction\":[{\"@type\":\"SearchAction\",\"target\":{\"@type\":\"EntryPoint\",\"urlTemplate\":\"https:\/\/www.anskar.de\/marburg\/?s={search_term_string}\"},\"query-input\":{\"@type\":\"PropertyValueSpecification\",\"valueRequired\":true,\"valueName\":\"search_term_string\"}}],\"inLanguage\":\"de\"}]}<\/script>\n<!-- \/ Yoast SEO plugin. -->","yoast_head_json":{"title":"Datenschutz - Anskar-Kirche Marburg","robots":{"index":"index","follow":"follow","max-snippet":"max-snippet:-1","max-image-preview":"max-image-preview:large","max-video-preview":"max-video-preview:-1"},"canonical":"https:\/\/www.anskar.de\/marburg\/datenschutz\/","og_locale":"de_DE","og_type":"article","og_title":"Datenschutz - Anskar-Kirche Marburg","og_description":"Datenschutzerkl\u00e4rung Personenbezogene Daten Personenbezogene Daten sind Informationen zu Ihrer Person. Dies sind z.B. Ihr Name, Adresse, Telefonnummer oder auch die E-Mail-Adresse, aber auch Daten wie z. B. Ihr Aufenthaltsort, Ihre [&hellip;]","og_url":"https:\/\/www.anskar.de\/marburg\/datenschutz\/","og_site_name":"Anskar-Kirche Marburg","article_modified_time":"2018-05-25T21:30:59+00:00","twitter_card":"summary_large_image","twitter_misc":{"Gesch\u00e4tzte Lesezeit":"8\u00a0Minuten"},"schema":{"@context":"https:\/\/schema.org","@graph":[{"@type":"WebPage","@id":"https:\/\/www.anskar.de\/marburg\/datenschutz\/","url":"https:\/\/www.anskar.de\/marburg\/datenschutz\/","name":"Datenschutz - Anskar-Kirche Marburg","isPartOf":{"@id":"https:\/\/www.anskar.de\/marburg\/#website"},"datePublished":"2018-05-23T20:14:46+00:00","dateModified":"2018-05-25T21:30:59+00:00","breadcrumb":{"@id":"https:\/\/www.anskar.de\/marburg\/datenschutz\/#breadcrumb"},"inLanguage":"de","potentialAction":[{"@type":"ReadAction","target":["https:\/\/www.anskar.de\/marburg\/datenschutz\/"]}]},{"@type":"BreadcrumbList","@id":"https:\/\/www.anskar.de\/marburg\/datenschutz\/#breadcrumb","itemListElement":[{"@type":"ListItem","position":1,"name":"Startseite","item":"https:\/\/www.anskar.de\/marburg\/"},{"@type":"ListItem","position":2,"name":"Datenschutz"}]},{"@type":"WebSite","@id":"https:\/\/www.anskar.de\/marburg\/#website","url":"https:\/\/www.anskar.de\/marburg\/","name":"Anskar-Kirche Marburg","description":"Internationale Gemeinde","potentialAction":[{"@type":"SearchAction","target":{"@type":"EntryPoint","urlTemplate":"https:\/\/www.anskar.de\/marburg\/?s={search_term_string}"},"query-input":{"@type":"PropertyValueSpecification","valueRequired":true,"valueName":"search_term_string"}}],"inLanguage":"de"}]}},"_links":{"self":[{"href":"https:\/\/www.anskar.de\/marburg\/wp-json\/wp\/v2\/pages\/3063","targetHints":{"allow":["GET"]}}],"collection":[{"href":"https:\/\/www.anskar.de\/marburg\/wp-json\/wp\/v2\/pages"}],"about":[{"href":"https:\/\/www.anskar.de\/marburg\/wp-json\/wp\/v2\/types\/page"}],"author":[{"embeddable":true,"href":"https:\/\/www.anskar.de\/marburg\/wp-json\/wp\/v2\/users\/3"}],"replies":[{"embeddable":true,"href":"https:\/\/www.anskar.de\/marburg\/wp-json\/wp\/v2\/comments?post=3063"}],"version-history":[{"count":6,"href":"https:\/\/www.anskar.de\/marburg\/wp-json\/wp\/v2\/pages\/3063\/revisions"}],"predecessor-version":[{"id":3077,"href":"https:\/\/www.anskar.de\/marburg\/wp-json\/wp\/v2\/pages\/3063\/revisions\/3077"}],"wp:attachment":[{"href":"https:\/\/www.anskar.de\/marburg\/wp-json\/wp\/v2\/media?parent=3063"}],"curies":[{"name":"wp","href":"https:\/\/api.w.org\/{rel}","templated":true}]}}