{"id":3851,"date":"2023-09-01T20:05:41","date_gmt":"2023-09-01T18:05:41","guid":{"rendered":"https:\/\/www.anskar.de\/marburg\/?page_id=3851"},"modified":"2023-09-01T20:16:08","modified_gmt":"2023-09-01T18:16:08","slug":"k5-leitertraining","status":"publish","type":"page","link":"https:\/\/www.anskar.de\/marburg\/arbeitsbereiche\/k5-leitertraining\/","title":{"rendered":"K5 Leitertraining"},"content":{"rendered":"<p>[et_pb_section fb_built=&#8220;1&#8243; fullwidth=&#8220;on&#8220; _builder_version=&#8220;4.16&#8243; global_colors_info=&#8220;{}&#8220;][et_pb_fullwidth_slider _builder_version=&#8220;4.18.0&#8243; custom_padding=&#8220;150px||150px|&#8220; custom_padding_tablet=&#8220;|||&#8220; custom_padding_phone=&#8220;|||&#8220; hover_enabled=&#8220;0&#8243; box_shadow_style=&#8220;preset6&#8243; box_shadow_blur=&#8220;10px&#8220; box_shadow_color=&#8220;rgba(0,0,0,0.1)&#8220; top_padding=&#8220;150px&#8220; bottom_padding=&#8220;150px&#8220; show_inner_shadow=&#8220;on&#8220; global_colors_info=&#8220;{}&#8220; button_text_size__hover_enabled=&#8220;off&#8220; button_one_text_size__hover_enabled=&#8220;off&#8220; button_two_text_size__hover_enabled=&#8220;off&#8220; button_text_color__hover_enabled=&#8220;off&#8220; button_one_text_color__hover_enabled=&#8220;off&#8220; button_two_text_color__hover_enabled=&#8220;off&#8220; button_border_width__hover_enabled=&#8220;off&#8220; button_one_border_width__hover_enabled=&#8220;off&#8220; button_two_border_width__hover_enabled=&#8220;off&#8220; button_border_color__hover_enabled=&#8220;off&#8220; button_one_border_color__hover_enabled=&#8220;off&#8220; button_two_border_color__hover_enabled=&#8220;off&#8220; button_border_radius__hover_enabled=&#8220;off&#8220; button_one_border_radius__hover_enabled=&#8220;off&#8220; button_two_border_radius__hover_enabled=&#8220;off&#8220; button_letter_spacing__hover_enabled=&#8220;off&#8220; button_one_letter_spacing__hover_enabled=&#8220;off&#8220; button_two_letter_spacing__hover_enabled=&#8220;off&#8220; button_bg_color__hover_enabled=&#8220;off&#8220; button_one_bg_color__hover_enabled=&#8220;off&#8220; button_two_bg_color__hover_enabled=&#8220;off&#8220; sticky_enabled=&#8220;0&#8243;][et_pb_slide heading=&#8220;K5 Leitertraining&#8220; _builder_version=&#8220;4.18.0&#8243; background_color=&#8220;#ffffff&#8220; background_image=&#8220;https:\/\/www.anskar.de\/marburg\/wp-content\/uploads\/sites\/4\/2023\/09\/jenny-hill-mQVWb7kUoOE-unsplash.png&#8220; background_enable_image=&#8220;on&#8220; parallax=&#8220;on&#8220; hover_enabled=&#8220;0&#8243; global_colors_info=&#8220;{}&#8220; button_text_size__hover_enabled=&#8220;off&#8220; button_one_text_size__hover_enabled=&#8220;off&#8220; button_two_text_size__hover_enabled=&#8220;off&#8220; button_text_color__hover_enabled=&#8220;off&#8220; button_one_text_color__hover_enabled=&#8220;off&#8220; button_two_text_color__hover_enabled=&#8220;off&#8220; button_border_width__hover_enabled=&#8220;off&#8220; button_one_border_width__hover_enabled=&#8220;off&#8220; button_two_border_width__hover_enabled=&#8220;off&#8220; button_border_color__hover_enabled=&#8220;off&#8220; button_one_border_color__hover_enabled=&#8220;off&#8220; button_two_border_color__hover_enabled=&#8220;off&#8220; button_border_radius__hover_enabled=&#8220;off&#8220; button_one_border_radius__hover_enabled=&#8220;off&#8220; button_two_border_radius__hover_enabled=&#8220;off&#8220; button_letter_spacing__hover_enabled=&#8220;off&#8220; button_one_letter_spacing__hover_enabled=&#8220;off&#8220; button_two_letter_spacing__hover_enabled=&#8220;off&#8220; button_bg_color__hover_enabled=&#8220;off&#8220; button_one_bg_color__hover_enabled=&#8220;off&#8220; button_two_bg_color__hover_enabled=&#8220;off&#8220; sticky_transition=&#8220;on&#8220; title_text=&#8220;jenny-hill-mQVWb7kUoOE-unsplash&#8220; sticky_enabled=&#8220;0&#8243;][\/et_pb_slide][\/et_pb_fullwidth_slider][\/et_pb_section][et_pb_section fb_built=&#8220;1&#8243; _builder_version=&#8220;4.16&#8243; global_colors_info=&#8220;{}&#8220;][et_pb_row column_structure=&#8220;2_3,1_3&#8243; _builder_version=&#8220;4.16&#8243; global_colors_info=&#8220;{}&#8220;][et_pb_column type=&#8220;2_3&#8243; _builder_version=&#8220;4.18.0&#8243; _module_preset=&#8220;default&#8220; global_colors_info=&#8220;{}&#8220;][et_pb_text _builder_version=&#8220;4.18.0&#8243; custom_padding=&#8220;||5px|||&#8220; global_colors_info=&#8220;{}&#8220;]<\/p>\n<p><span style=\"color: #920303\"><strong>Warum K5?<\/strong><\/span><\/p>\n<p><strong>Wir glauben:<\/strong> Gott will etwas Neues tun. In unserem Land, in Marburg, in unserer Gemeinde.<\/p>\n<p>Daf\u00fcr braucht es Christinnen und Christen, die sich stark machen lassen f\u00fcr Leitungsaufgaben in der Gemeinde und in der Gesellschaft.<\/p>\n<p>Darum m\u00f6chten wir Leiterinnen und Leiter (und die es werden wollen) st\u00e4rken: Geistlich, charakterlich, fachlich. Und das gemeinsam.<\/p>\n<p><strong><span style=\"color: #920303\">Zielgruppe<\/span><\/strong><\/p>\n<p><strong>Teilnehmen<\/strong> d\u00fcrfen alle, deren Herz f\u00fcr das Thema F\u00fchrung &amp; Leitung schl\u00e4gt und die dazu beitragen wollen, Gottes Reich voran zu bringen. Dabei spielt es keine Rolle, ob du bereits ein erprobter Leiter mit viel Verantwortung bist oder erst am Anfang stehst. Wir glauben daran, dass jede Leiterin, jeder Leiter ein Einflussnehmer ist und sein Umfeld positiv pr\u00e4gen kann.<\/p>\n<p>In erster Linie richtet sich das Training an Teilnehmende aus der <strong>Anskar-Kirche Marburg<\/strong>. G\u00e4ste aus anderen Gemeinden sind uns an den Trainingstagen sehr willkommen; die Trainingsgruppen sind i.d.R. gemeindeintern. Gern geben wir Hilfestellung f\u00fcr die Bildung eigener Trainingsgruppen.<\/p>\n<p>[\/et_pb_text][et_pb_image src=&#8220;https:\/\/www.anskar.de\/marburg\/wp-content\/uploads\/sites\/4\/2023\/09\/tree.png&#8220; title_text=&#8220;tree&#8220; align=&#8220;center&#8220; _builder_version=&#8220;4.18.0&#8243; _module_preset=&#8220;default&#8220; global_colors_info=&#8220;{}&#8220;][\/et_pb_image][et_pb_text _builder_version=&#8220;4.18.0&#8243; _module_preset=&#8220;default&#8220; global_colors_info=&#8220;{}&#8220;]<\/p>\n<p><span style=\"color: #920303\"><strong>Was hei\u00dft K5?<\/strong><\/span><\/p>\n<p>K5 steht f\u00fcr die <strong>5 Kompetenzen<\/strong>, von denen wir glauben, dass sie f\u00fcr jeden Leiter die wichtigsten Grundlagen bilden, um gesund f\u00fchren zu k\u00f6nnen.<\/p>\n<ul>\n<li>K1 steht f\u00fcr meine Beziehung zu Gott<\/li>\n<li>K2 steht f\u00fcr meinen Charakter<\/li>\n<li>K3 steht f\u00fcr Selbstkompetenz<\/li>\n<li>K4 steht f\u00fcr F\u00fchrungskompetenz<\/li>\n<li>K5 steht f\u00fcr Fachkompetenz<\/li>\n<\/ul>\n<p>An jedem Trainingstag werden Themen aus mehreren Kompetenzbereichen behandelt.<\/p>\n<p>Das K5-Leitertraining entstand als Schulungsprogramm in der <strong>Kirche f\u00fcr Oberberg<\/strong>, einer jungen, innovativen Freikirche in Gummersbach unter Leitung von Artur Siegert.<\/p>\n<p><a href=\"https:\/\/k5-leitertraining.de\/\">Mehr Infos<\/a><\/p>\n<p><strong><span style=\"color: #920303\">Woraus besteht das Training?<\/span><\/strong><\/p>\n<p>[\/et_pb_text][et_pb_blurb title=&#8220;Trainingstage&#8220; use_icon=&#8220;on&#8220; font_icon=&#8220;&#xf525;||fa||900&#8243; icon_placement=&#8220;left&#8220; image_icon_width=&#8220;100px&#8220; _builder_version=&#8220;4.18.0&#8243; _module_preset=&#8220;default&#8220; global_colors_info=&#8220;{}&#8220;]<\/p>\n<p>Die <strong>Trainingstage<\/strong> finden viermal im Jahr samstags in Wiedenest statt. Wir \u00fcbertragen sie live in die Uferkirche.<\/p>\n<p>An den Trainingstagen vermitteln erfahrene Trainerinnen und Trainer relevante <strong>Kernthemen der F\u00fchrung<\/strong>.<\/p>\n<p>Ein Trainingstag im Jahr findet im Rahmen regionaler <strong>Leitungskonferenzen<\/strong> live statt.<\/p>\n<p>[\/et_pb_blurb][et_pb_blurb title=&#8220;Trainingsgruppen&#8220; use_icon=&#8220;on&#8220; font_icon=&#8220;&#xf528;||fa||900&#8243; icon_placement=&#8220;left&#8220; image_icon_width=&#8220;100px&#8220; _builder_version=&#8220;4.18.0&#8243; _module_preset=&#8220;default&#8220; global_colors_info=&#8220;{}&#8220;]<\/p>\n<p>Zwischen den Trainingstagen treffen wir uns jeweils einmal in <strong>Trainingsgruppen<\/strong>. In den Trainingsgruppen reflektieren wir miteinander das Geh\u00f6rte und sprechen \u00fcber <strong>konkrete Umsetzungsschritte<\/strong> in Gemeinde und Beruf.<\/p>\n<p>[\/et_pb_blurb][et_pb_blurb title=&#8220;Praxis&#8220; use_icon=&#8220;on&#8220; font_icon=&#8220;&#xf527;||fa||900&#8243; icon_placement=&#8220;left&#8220; image_icon_width=&#8220;100px&#8220; _builder_version=&#8220;4.18.0&#8243; _module_preset=&#8220;default&#8220; global_colors_info=&#8220;{}&#8220;]<\/p>\n<p>Training wirkt am besten, wenn es praktisch wird. Deswegen ist ein <strong>konkretes \u00dcbungsfeld<\/strong>, in dem das Gelernte umgesetzt und reflektiert werden kann, elementarer Bestandteil des <br \/>Leitertrainings.<\/p>\n<p>[\/et_pb_blurb][et_pb_text _builder_version=&#8220;4.18.0&#8243; _module_preset=&#8220;default&#8220; global_colors_info=&#8220;{}&#8220;]<\/p>\n<p><span style=\"color: #920303\"><strong>Kosten<\/strong><\/span><\/p>\n<p>Das Leitertraining kostet 12,41 \u20ac im Monat \/ 149 \u20ac im Jahr (AUFATMEN Magazin Abo inklusive; Zusatzkosten f\u00fcr die Leiterkonferenz). <br \/>35% Erm\u00e4\u00dfigung f\u00fcr Sch\u00fcler, Studenten, Auszubildende und einen Ehepartner, wenn beide teilnehmen. Die Anmeldung erfolgt jeweils f\u00fcr ein Jahr im Abo. Kostenloses Schnuppern beim ersten Trainingstag m\u00f6glich.<\/p>\n<p><span style=\"color: #920303\"><strong>Verpflegung<\/strong><\/span><\/p>\n<p>Wir stellen Snacks und Getr\u00e4nke. Mittags Selbstverpflegung oder gemeinsame Bestellung.<\/p>\n<p><span style=\"color: #920303\"><strong>Kinder<\/strong><\/span><\/p>\n<p>Wir ermutigen Ehepaare, gemeinsam am Leitertraining teilzunehmen. Deshalb bieten wir an den Trainingstagen Kinderbetreuung an.<\/p>\n<p>[\/et_pb_text][dsm_icon_list _builder_version=&#8220;4.18.0&#8243; _module_preset=&#8220;default&#8220; global_colors_info=&#8220;{}&#8220;][\/dsm_icon_list][\/et_pb_column][et_pb_column type=&#8220;1_3&#8243; _builder_version=&#8220;4.16&#8243; custom_padding=&#8220;|||&#8220; global_colors_info=&#8220;{}&#8220; custom_padding__hover=&#8220;|||&#8220;][et_pb_blurb title=&#8220;Anmeldung&#8220; image=&#8220;https:\/\/www.anskar.de\/marburg\/wp-content\/uploads\/sites\/4\/2023\/09\/aaron-burden-AvqpdLRjABs-unsplash-scaled.jpg&#8220; _builder_version=&#8220;4.18.0&#8243; _module_preset=&#8220;default&#8220; global_colors_info=&#8220;{}&#8220;]<\/p>\n<p>Die Anmeldung erfolgt zentral \u00fcber <a href=\"http:\/\/www.k5-leitertraining.de\"><strong>www.k5-leitertraining.de<\/strong><\/a> \u2013 dort bitte den <strong>\u00dcbertragungsort Marburg<\/strong> ausw\u00e4hlen.<\/p>\n<p>F\u00fcr die <strong>Kinderbetreuung <\/strong>bitte fr\u00fchzeitig direkt <a href=\"&#x6d;&#97;&#x69;&#x6c;&#116;&#x6f;&#58;m&#x61;&#114;b&#x75;&#114;g&#x40;&#97;n&#x73;&#107;&#x61;&#x72;&#46;&#x64;&#x65;\">bei uns anmelden<\/a>.<\/p>\n<p>[\/et_pb_blurb][et_pb_blurb title=&#8220;N\u00e4chste Termine&#8220; image=&#8220;https:\/\/www.anskar.de\/marburg\/wp-content\/uploads\/sites\/4\/2023\/09\/2h-media-cdDDWLezAJ0-unsplash-scaled.jpg&#8220; _builder_version=&#8220;4.18.0&#8243; _module_preset=&#8220;default&#8220; global_colors_info=&#8220;{}&#8220;]<\/p>\n<p><strong>\u00a0Trainingstage<\/strong><\/p>\n<p>16.09.2023 | 24.02.2024 | 08.06.2024 | 31.08.2024<\/p>\n<p><strong>K5-Leiterkonferenz &#8222;In seiner Kraft&#8220;<br \/><\/strong><\/p>\n<p>04.11.2023 in Wiedenest | <a href=\"https:\/\/www.cvents.eu\/de\/events\/k5-leiterkonferenz-23\">Info &amp; Anmeldung<\/a><\/p>\n<p><strong>Trainingsgruppe<\/strong> (jeweils 19-21 Uhr)<\/p>\n<p>04.10.2023<\/p>\n<p>[\/et_pb_blurb][\/et_pb_column][\/et_pb_row][\/et_pb_section]<\/p>\n","protected":false},"excerpt":{"rendered":"<p>Warum K5? Wir glauben: Gott will etwas Neues tun. In unserem Land, in Marburg, in unserer Gemeinde. Daf\u00fcr braucht es Christinnen und Christen, die sich stark machen lassen f\u00fcr Leitungsaufgaben [&hellip;]<\/p>\n","protected":false},"author":3,"featured_media":0,"parent":2628,"menu_order":6,"comment_status":"closed","ping_status":"closed","template":"","meta":{"_et_pb_use_builder":"on","_et_pb_old_content":"","_et_gb_content_width":"","footnotes":""},"class_list":["post-3851","page","type-page","status-publish","hentry"],"yoast_head":"<!-- This site is optimized with the Yoast SEO plugin v24.6 - https:\/\/yoast.com\/wordpress\/plugins\/seo\/ -->\n<title>K5 Leitertraining - Anskar-Kirche Marburg<\/title>\n<meta name=\"robots\" content=\"index, follow, max-snippet:-1, max-image-preview:large, max-video-preview:-1\" \/>\n<link rel=\"canonical\" href=\"https:\/\/www.anskar.de\/marburg\/arbeitsbereiche\/k5-leitertraining\/\" \/>\n<meta property=\"og:locale\" content=\"de_DE\" \/>\n<meta property=\"og:type\" content=\"article\" \/>\n<meta property=\"og:title\" content=\"K5 Leitertraining - Anskar-Kirche Marburg\" \/>\n<meta property=\"og:description\" content=\"Warum K5? Wir glauben: Gott will etwas Neues tun. In unserem Land, in Marburg, in unserer Gemeinde. Daf\u00fcr braucht es Christinnen und Christen, die sich stark machen lassen f\u00fcr Leitungsaufgaben [&hellip;]\" \/>\n<meta property=\"og:url\" content=\"https:\/\/www.anskar.de\/marburg\/arbeitsbereiche\/k5-leitertraining\/\" \/>\n<meta property=\"og:site_name\" content=\"Anskar-Kirche Marburg\" \/>\n<meta property=\"article:modified_time\" content=\"2023-09-01T18:16:08+00:00\" \/>\n<meta name=\"twitter:card\" content=\"summary_large_image\" \/>\n<meta name=\"twitter:label1\" content=\"Gesch\u00e4tzte Lesezeit\" \/>\n\t<meta name=\"twitter:data1\" content=\"2\u00a0Minuten\" \/>\n<script type=\"application\/ld+json\" class=\"yoast-schema-graph\">{\"@context\":\"https:\/\/schema.org\",\"@graph\":[{\"@type\":\"WebPage\",\"@id\":\"https:\/\/www.anskar.de\/marburg\/arbeitsbereiche\/k5-leitertraining\/\",\"url\":\"https:\/\/www.anskar.de\/marburg\/arbeitsbereiche\/k5-leitertraining\/\",\"name\":\"K5 Leitertraining - Anskar-Kirche Marburg\",\"isPartOf\":{\"@id\":\"https:\/\/www.anskar.de\/marburg\/#website\"},\"datePublished\":\"2023-09-01T18:05:41+00:00\",\"dateModified\":\"2023-09-01T18:16:08+00:00\",\"breadcrumb\":{\"@id\":\"https:\/\/www.anskar.de\/marburg\/arbeitsbereiche\/k5-leitertraining\/#breadcrumb\"},\"inLanguage\":\"de\",\"potentialAction\":[{\"@type\":\"ReadAction\",\"target\":[\"https:\/\/www.anskar.de\/marburg\/arbeitsbereiche\/k5-leitertraining\/\"]}]},{\"@type\":\"BreadcrumbList\",\"@id\":\"https:\/\/www.anskar.de\/marburg\/arbeitsbereiche\/k5-leitertraining\/#breadcrumb\",\"itemListElement\":[{\"@type\":\"ListItem\",\"position\":1,\"name\":\"Startseite\",\"item\":\"https:\/\/www.anskar.de\/marburg\/\"},{\"@type\":\"ListItem\",\"position\":2,\"name\":\"Arbeitsbereiche\",\"item\":\"https:\/\/www.anskar.de\/marburg\/arbeitsbereiche\/\"},{\"@type\":\"ListItem\",\"position\":3,\"name\":\"K5 Leitertraining\"}]},{\"@type\":\"WebSite\",\"@id\":\"https:\/\/www.anskar.de\/marburg\/#website\",\"url\":\"https:\/\/www.anskar.de\/marburg\/\",\"name\":\"Anskar-Kirche Marburg\",\"description\":\"Internationale Gemeinde\",\"potentialAction\":[{\"@type\":\"SearchAction\",\"target\":{\"@type\":\"EntryPoint\",\"urlTemplate\":\"https:\/\/www.anskar.de\/marburg\/?s={search_term_string}\"},\"query-input\":{\"@type\":\"PropertyValueSpecification\",\"valueRequired\":true,\"valueName\":\"search_term_string\"}}],\"inLanguage\":\"de\"}]}<\/script>\n<!-- \/ Yoast SEO plugin. -->","yoast_head_json":{"title":"K5 Leitertraining - Anskar-Kirche Marburg","robots":{"index":"index","follow":"follow","max-snippet":"max-snippet:-1","max-image-preview":"max-image-preview:large","max-video-preview":"max-video-preview:-1"},"canonical":"https:\/\/www.anskar.de\/marburg\/arbeitsbereiche\/k5-leitertraining\/","og_locale":"de_DE","og_type":"article","og_title":"K5 Leitertraining - Anskar-Kirche Marburg","og_description":"Warum K5? Wir glauben: Gott will etwas Neues tun. In unserem Land, in Marburg, in unserer Gemeinde. Daf\u00fcr braucht es Christinnen und Christen, die sich stark machen lassen f\u00fcr Leitungsaufgaben [&hellip;]","og_url":"https:\/\/www.anskar.de\/marburg\/arbeitsbereiche\/k5-leitertraining\/","og_site_name":"Anskar-Kirche Marburg","article_modified_time":"2023-09-01T18:16:08+00:00","twitter_card":"summary_large_image","twitter_misc":{"Gesch\u00e4tzte Lesezeit":"2\u00a0Minuten"},"schema":{"@context":"https:\/\/schema.org","@graph":[{"@type":"WebPage","@id":"https:\/\/www.anskar.de\/marburg\/arbeitsbereiche\/k5-leitertraining\/","url":"https:\/\/www.anskar.de\/marburg\/arbeitsbereiche\/k5-leitertraining\/","name":"K5 Leitertraining - Anskar-Kirche Marburg","isPartOf":{"@id":"https:\/\/www.anskar.de\/marburg\/#website"},"datePublished":"2023-09-01T18:05:41+00:00","dateModified":"2023-09-01T18:16:08+00:00","breadcrumb":{"@id":"https:\/\/www.anskar.de\/marburg\/arbeitsbereiche\/k5-leitertraining\/#breadcrumb"},"inLanguage":"de","potentialAction":[{"@type":"ReadAction","target":["https:\/\/www.anskar.de\/marburg\/arbeitsbereiche\/k5-leitertraining\/"]}]},{"@type":"BreadcrumbList","@id":"https:\/\/www.anskar.de\/marburg\/arbeitsbereiche\/k5-leitertraining\/#breadcrumb","itemListElement":[{"@type":"ListItem","position":1,"name":"Startseite","item":"https:\/\/www.anskar.de\/marburg\/"},{"@type":"ListItem","position":2,"name":"Arbeitsbereiche","item":"https:\/\/www.anskar.de\/marburg\/arbeitsbereiche\/"},{"@type":"ListItem","position":3,"name":"K5 Leitertraining"}]},{"@type":"WebSite","@id":"https:\/\/www.anskar.de\/marburg\/#website","url":"https:\/\/www.anskar.de\/marburg\/","name":"Anskar-Kirche Marburg","description":"Internationale Gemeinde","potentialAction":[{"@type":"SearchAction","target":{"@type":"EntryPoint","urlTemplate":"https:\/\/www.anskar.de\/marburg\/?s={search_term_string}"},"query-input":{"@type":"PropertyValueSpecification","valueRequired":true,"valueName":"search_term_string"}}],"inLanguage":"de"}]}},"_links":{"self":[{"href":"https:\/\/www.anskar.de\/marburg\/wp-json\/wp\/v2\/pages\/3851","targetHints":{"allow":["GET"]}}],"collection":[{"href":"https:\/\/www.anskar.de\/marburg\/wp-json\/wp\/v2\/pages"}],"about":[{"href":"https:\/\/www.anskar.de\/marburg\/wp-json\/wp\/v2\/types\/page"}],"author":[{"embeddable":true,"href":"https:\/\/www.anskar.de\/marburg\/wp-json\/wp\/v2\/users\/3"}],"replies":[{"embeddable":true,"href":"https:\/\/www.anskar.de\/marburg\/wp-json\/wp\/v2\/comments?post=3851"}],"version-history":[{"count":5,"href":"https:\/\/www.anskar.de\/marburg\/wp-json\/wp\/v2\/pages\/3851\/revisions"}],"predecessor-version":[{"id":3870,"href":"https:\/\/www.anskar.de\/marburg\/wp-json\/wp\/v2\/pages\/3851\/revisions\/3870"}],"up":[{"embeddable":true,"href":"https:\/\/www.anskar.de\/marburg\/wp-json\/wp\/v2\/pages\/2628"}],"wp:attachment":[{"href":"https:\/\/www.anskar.de\/marburg\/wp-json\/wp\/v2\/media?parent=3851"}],"curies":[{"name":"wp","href":"https:\/\/api.w.org\/{rel}","templated":true}]}}